{"id":9,"date":"2025-02-09T14:39:27","date_gmt":"2025-02-09T14:39:27","guid":{"rendered":"https:\/\/www.gite-canal-midi.com\/?page_id=9"},"modified":"2026-03-03T22:21:21","modified_gmt":"2026-03-03T22:21:21","slug":"accueil","status":"publish","type":"page","link":"https:\/\/www.gite-canal-midi.com\/en\/","title":{"rendered":"A charming lodge"},"content":{"rendered":"<div data-elementor-type=\"wp-page\" data-elementor-id=\"9\" class=\"elementor elementor-9\">\n\t\t\t\t\t\t<section class=\"elementor-section elementor-top-section elementor-element elementor-element-9345126 elementor-section-boxed elementor-section-height-default elementor-section-height-default\" data-id=\"9345126\" data-element_type=\"section\" data-e-type=\"section\">\n\t\t\t\t\t\t<div class=\"elementor-container elementor-column-gap-default\">\n\t\t\t\t\t<div class=\"elementor-column elementor-col-100 elementor-top-column elementor-element elementor-element-4ffb9b6\" data-id=\"4ffb9b6\" data-element_type=\"column\" data-e-type=\"column\">\n\t\t\t<div class=\"elementor-widget-wrap elementor-element-populated\">\n\t\t\t\t\t\t<div class=\"elementor-element elementor-element-093595a elementor-widget elementor-widget-text-editor\" data-id=\"093595a\" data-element_type=\"widget\" data-e-type=\"widget\" data-widget_type=\"text-editor.default\">\n\t\t\t\t<div class=\"elementor-widget-container\">\n\t\t\t\t\t\t\t\t\t<p>The G\u00eete de la Coll\u00e9giale de Capestang is a charming accommodation designed by your hosts Christine and Vincent in a winegrower's building, located inside the old 12th-century enclosure, on which other buildings of various shapes and functions have been built over the centuries. The most remarkable of these is a 19th-century mansion with a facade beautifully adorned with architectural ornaments, reflecting a prosperous period in the history of this village with medieval origins.\u00a0<\/p>\t\t\t\t\t\t\t\t<\/div>\n\t\t\t\t<\/div>\n\t\t\t\t\t<\/div>\n\t\t<\/div>\n\t\t\t\t\t<\/div>\n\t\t<\/section>\n\t\t\t\t<section class=\"elementor-section elementor-top-section elementor-element elementor-element-721df56 elementor-section-boxed elementor-section-height-default elementor-section-height-default\" data-id=\"721df56\" data-element_type=\"section\" data-e-type=\"section\" data-settings=\"{&quot;background_background&quot;:&quot;classic&quot;}\">\n\t\t\t\t\t\t<div class=\"elementor-container elementor-column-gap-default\">\n\t\t\t\t\t<div class=\"elementor-column elementor-col-100 elementor-top-column elementor-element elementor-element-a1be7fd\" data-id=\"a1be7fd\" data-element_type=\"column\" data-e-type=\"column\" data-settings=\"{&quot;background_background&quot;:&quot;classic&quot;}\">\n\t\t\t<div class=\"elementor-widget-wrap elementor-element-populated\">\n\t\t\t\t\t\t<div class=\"elementor-element elementor-element-85760ff elementor-widget elementor-widget-image\" data-id=\"85760ff\" data-element_type=\"widget\" data-e-type=\"widget\" data-widget_type=\"image.default\">\n\t\t\t\t<div class=\"elementor-widget-container\">\n\t\t\t\t\t\t\t\t\t\t\t\t\t\t\t<img fetchpriority=\"high\" decoding=\"async\" width=\"1024\" height=\"234\" src=\"https:\/\/i0.wp.com\/www.gite-canal-midi.com\/wp-content\/uploads\/2025\/02\/maison-grenier.jpeg?fit=1024%2C234&amp;ssl=1\" class=\"attachment-large size-large wp-image-768\" alt=\"\" srcset=\"https:\/\/i0.wp.com\/www.gite-canal-midi.com\/wp-content\/uploads\/2025\/02\/maison-grenier.jpeg?w=1097&amp;ssl=1 1097w, https:\/\/i0.wp.com\/www.gite-canal-midi.com\/wp-content\/uploads\/2025\/02\/maison-grenier.jpeg?resize=600%2C137&amp;ssl=1 600w, https:\/\/i0.wp.com\/www.gite-canal-midi.com\/wp-content\/uploads\/2025\/02\/maison-grenier.jpeg?resize=300%2C69&amp;ssl=1 300w, https:\/\/i0.wp.com\/www.gite-canal-midi.com\/wp-content\/uploads\/2025\/02\/maison-grenier.jpeg?resize=1024%2C234&amp;ssl=1 1024w, https:\/\/i0.wp.com\/www.gite-canal-midi.com\/wp-content\/uploads\/2025\/02\/maison-grenier.jpeg?resize=768%2C176&amp;ssl=1 768w\" sizes=\"(max-width: 1024px) 100vw, 1024px\" \/>\t\t\t\t\t\t\t\t\t\t\t\t\t\t\t<\/div>\n\t\t\t\t<\/div>\n\t\t\t\t\t<\/div>\n\t\t<\/div>\n\t\t\t\t\t<\/div>\n\t\t<\/section>\n\t\t\t\t<section class=\"elementor-section elementor-top-section elementor-element elementor-element-b6a01bb elementor-section-boxed elementor-section-height-default elementor-section-height-default\" data-id=\"b6a01bb\" data-element_type=\"section\" data-e-type=\"section\">\n\t\t\t\t\t\t<div class=\"elementor-container elementor-column-gap-default\">\n\t\t\t\t\t<div class=\"elementor-column elementor-col-100 elementor-top-column elementor-element elementor-element-56c886b\" data-id=\"56c886b\" data-element_type=\"column\" data-e-type=\"column\">\n\t\t\t<div class=\"elementor-widget-wrap elementor-element-populated\">\n\t\t\t\t\t\t<div class=\"elementor-element elementor-element-9b38373 elementor-widget elementor-widget-text-editor\" data-id=\"9b38373\" data-element_type=\"widget\" data-e-type=\"widget\" data-widget_type=\"text-editor.default\">\n\t\t\t\t<div class=\"elementor-widget-container\">\n\t\t\t\t\t\t\t\t\t<p>Located a stone's throw from the very touristy Canal du Midi, this unusual accommodation stands in the shadow of the Saint \u00c9tienne collegiate church, a 12th-century building listed as a historic monument in 1906, and whose extraordinary dimensions correspond to the village motto \"audaces fortuna juvat\".\u00a0<\/p>\t\t\t\t\t\t\t\t<\/div>\n\t\t\t\t<\/div>\n\t\t\t\t\t<\/div>\n\t\t<\/div>\n\t\t\t\t\t<\/div>\n\t\t<\/section>\n\t\t\t\t<section class=\"elementor-section elementor-top-section elementor-element elementor-element-ea0fa7f elementor-section-boxed elementor-section-height-default elementor-section-height-default\" data-id=\"ea0fa7f\" data-element_type=\"section\" data-e-type=\"section\" data-settings=\"{&quot;background_background&quot;:&quot;classic&quot;}\">\n\t\t\t\t\t\t<div class=\"elementor-container elementor-column-gap-default\">\n\t\t\t\t\t<div class=\"elementor-column elementor-col-100 elementor-top-column elementor-element elementor-element-3bad931\" data-id=\"3bad931\" data-element_type=\"column\" data-e-type=\"column\">\n\t\t\t<div class=\"elementor-widget-wrap elementor-element-populated\">\n\t\t\t\t\t\t<div class=\"elementor-element elementor-element-05db2bc elementor-widget elementor-widget-image\" data-id=\"05db2bc\" data-element_type=\"widget\" data-e-type=\"widget\" data-widget_type=\"image.default\">\n\t\t\t\t<div class=\"elementor-widget-container\">\n\t\t\t\t\t\t\t\t\t\t\t\t\t\t\t<img decoding=\"async\" width=\"1024\" height=\"494\" src=\"https:\/\/i0.wp.com\/www.gite-canal-midi.com\/wp-content\/uploads\/2025\/02\/Collegiale-nuit-1.jpeg?fit=1024%2C494&amp;ssl=1\" class=\"attachment-large size-large wp-image-779\" alt=\"\" srcset=\"https:\/\/i0.wp.com\/www.gite-canal-midi.com\/wp-content\/uploads\/2025\/02\/Collegiale-nuit-1.jpeg?w=1125&amp;ssl=1 1125w, https:\/\/i0.wp.com\/www.gite-canal-midi.com\/wp-content\/uploads\/2025\/02\/Collegiale-nuit-1.jpeg?resize=600%2C290&amp;ssl=1 600w, https:\/\/i0.wp.com\/www.gite-canal-midi.com\/wp-content\/uploads\/2025\/02\/Collegiale-nuit-1.jpeg?resize=300%2C145&amp;ssl=1 300w, https:\/\/i0.wp.com\/www.gite-canal-midi.com\/wp-content\/uploads\/2025\/02\/Collegiale-nuit-1.jpeg?resize=1024%2C494&amp;ssl=1 1024w, https:\/\/i0.wp.com\/www.gite-canal-midi.com\/wp-content\/uploads\/2025\/02\/Collegiale-nuit-1.jpeg?resize=768%2C371&amp;ssl=1 768w\" sizes=\"(max-width: 1024px) 100vw, 1024px\" \/>\t\t\t\t\t\t\t\t\t\t\t\t\t\t\t<\/div>\n\t\t\t\t<\/div>\n\t\t\t\t\t<\/div>\n\t\t<\/div>\n\t\t\t\t\t<\/div>\n\t\t<\/section>\n\t\t\t\t<section class=\"elementor-section elementor-top-section elementor-element elementor-element-53cfdfe elementor-section-boxed elementor-section-height-default elementor-section-height-default\" data-id=\"53cfdfe\" data-element_type=\"section\" data-e-type=\"section\">\n\t\t\t\t\t\t<div class=\"elementor-container elementor-column-gap-default\">\n\t\t\t\t\t<div class=\"elementor-column elementor-col-100 elementor-top-column elementor-element elementor-element-3061027\" data-id=\"3061027\" data-element_type=\"column\" data-e-type=\"column\">\n\t\t\t<div class=\"elementor-widget-wrap elementor-element-populated\">\n\t\t\t\t\t\t<div class=\"elementor-element elementor-element-2c39cd5 elementor-widget elementor-widget-text-editor\" data-id=\"2c39cd5\" data-element_type=\"widget\" data-e-type=\"widget\" data-widget_type=\"text-editor.default\">\n\t\t\t\t<div class=\"elementor-widget-container\">\n\t\t\t\t\t\t\t\t\t<p>In addition to its historical interest and its ideal geographical location in the H\u00e9rault department (see the About tab), the commune of Capestang (from the Latin caput stagnum: the head of the pond) also has a remarkable natural heritage: a Natura 2000 site and three natural areas of ecological, faunistic and floristic interest.<\/p>\t\t\t\t\t\t\t\t<\/div>\n\t\t\t\t<\/div>\n\t\t\t\t\t<\/div>\n\t\t<\/div>\n\t\t\t\t\t<\/div>\n\t\t<\/section>\n\t\t\t\t<section class=\"elementor-section elementor-top-section elementor-element elementor-element-8c83485 elementor-section-boxed elementor-section-height-default elementor-section-height-default\" data-id=\"8c83485\" data-element_type=\"section\" data-e-type=\"section\">\n\t\t\t\t\t\t<div class=\"elementor-container elementor-column-gap-default\">\n\t\t\t\t\t<div class=\"elementor-column elementor-col-100 elementor-top-column elementor-element elementor-element-1b1a8de\" data-id=\"1b1a8de\" data-element_type=\"column\" data-e-type=\"column\">\n\t\t\t<div class=\"elementor-widget-wrap elementor-element-populated\">\n\t\t\t\t\t\t<div class=\"elementor-element elementor-element-7250fd0 e-transform elementor-widget elementor-widget-image\" data-id=\"7250fd0\" data-element_type=\"widget\" data-e-type=\"widget\" data-settings=\"{&quot;_transform_scale_effect&quot;:{&quot;unit&quot;:&quot;px&quot;,&quot;size&quot;:1,&quot;sizes&quot;:[]},&quot;_transform_scale_effect_tablet&quot;:{&quot;unit&quot;:&quot;px&quot;,&quot;size&quot;:&quot;&quot;,&quot;sizes&quot;:[]},&quot;_transform_scale_effect_mobile&quot;:{&quot;unit&quot;:&quot;px&quot;,&quot;size&quot;:&quot;&quot;,&quot;sizes&quot;:[]}}\" data-widget_type=\"image.default\">\n\t\t\t\t<div class=\"elementor-widget-container\">\n\t\t\t\t\t\t\t\t\t\t\t\t\t\t\t<img decoding=\"async\" width=\"1098\" height=\"549\" src=\"https:\/\/i0.wp.com\/www.gite-canal-midi.com\/wp-content\/uploads\/2025\/02\/etang-de-capestang-3.jpg?fit=1098%2C549&amp;ssl=1\" class=\"attachment-2048x2048 size-2048x2048 wp-image-782\" alt=\"\" srcset=\"https:\/\/i0.wp.com\/www.gite-canal-midi.com\/wp-content\/uploads\/2025\/02\/etang-de-capestang-3.jpg?w=1098&amp;ssl=1 1098w, https:\/\/i0.wp.com\/www.gite-canal-midi.com\/wp-content\/uploads\/2025\/02\/etang-de-capestang-3.jpg?resize=600%2C300&amp;ssl=1 600w, https:\/\/i0.wp.com\/www.gite-canal-midi.com\/wp-content\/uploads\/2025\/02\/etang-de-capestang-3.jpg?resize=300%2C150&amp;ssl=1 300w, https:\/\/i0.wp.com\/www.gite-canal-midi.com\/wp-content\/uploads\/2025\/02\/etang-de-capestang-3.jpg?resize=1024%2C512&amp;ssl=1 1024w, https:\/\/i0.wp.com\/www.gite-canal-midi.com\/wp-content\/uploads\/2025\/02\/etang-de-capestang-3.jpg?resize=768%2C384&amp;ssl=1 768w\" sizes=\"(max-width: 1098px) 100vw, 1098px\" \/>\t\t\t\t\t\t\t\t\t\t\t\t\t\t\t<\/div>\n\t\t\t\t<\/div>\n\t\t\t\t\t<\/div>\n\t\t<\/div>\n\t\t\t\t\t<\/div>\n\t\t<\/section>\n\t\t\t\t<section class=\"elementor-section elementor-top-section elementor-element elementor-element-640cf1e elementor-section-boxed elementor-section-height-default elementor-section-height-default\" data-id=\"640cf1e\" data-element_type=\"section\" data-e-type=\"section\">\n\t\t\t\t\t\t<div class=\"elementor-container elementor-column-gap-default\">\n\t\t\t\t\t<div class=\"elementor-column elementor-col-100 elementor-top-column elementor-element elementor-element-9c03fde\" data-id=\"9c03fde\" data-element_type=\"column\" data-e-type=\"column\">\n\t\t\t<div class=\"elementor-widget-wrap elementor-element-populated\">\n\t\t\t\t\t\t<div class=\"elementor-element elementor-element-41eeb17 elementor-widget elementor-widget-text-editor\" data-id=\"41eeb17\" data-element_type=\"widget\" data-e-type=\"widget\" data-widget_type=\"text-editor.default\">\n\t\t\t\t<div class=\"elementor-widget-container\">\n\t\t\t\t\t\t\t\t\t<p>Cet h\u00e9bergement n&rsquo;ouvrira ses portes qu&rsquo;en <span style=\"text-decoration: underline;\"><strong>juillet 2026<\/strong><\/span> et proposera une capacit\u00e9 d&rsquo;accueil de 4 personnes avec ses deux chambres.<\/p>\t\t\t\t\t\t\t\t<\/div>\n\t\t\t\t<\/div>\n\t\t\t\t\t<\/div>\n\t\t<\/div>\n\t\t\t\t\t<\/div>\n\t\t<\/section>\n\t\t\t\t<\/div>","protected":false},"excerpt":{"rendered":"<p>Le G\u00eete de la Coll\u00e9giale de Capestang est un h\u00e9bergement de charme imagin\u00e9 par vos h\u00f4tes Christine et Vincent dans une b\u00e2tisse vigneronne, situ\u00e9e \u00e0 l&rsquo;int\u00e9rieur de l&rsquo;ancienne enceinte du XIIe si\u00e8cle, sur laquelle est venue s&rsquo;appuyer au fil des si\u00e8cles d&rsquo;autres b\u00e2timents aux formes et fonctions vari\u00e9es. Le plus remarquable d&rsquo;entre eux est une [&hellip;]<\/p>","protected":false},"author":1,"featured_media":0,"parent":0,"menu_order":0,"comment_status":"closed","ping_status":"closed","template":"","meta":{"ocean_post_layout":"","ocean_both_sidebars_style":"","ocean_both_sidebars_content_width":0,"ocean_both_sidebars_sidebars_width":0,"ocean_sidebar":"","ocean_second_sidebar":"","ocean_disable_margins":"enable","ocean_add_body_class":"","ocean_shortcode_before_top_bar":"","ocean_shortcode_after_top_bar":"","ocean_shortcode_before_header":"","ocean_shortcode_after_header":"","ocean_has_shortcode":"","ocean_shortcode_after_title":"","ocean_shortcode_before_footer_widgets":"","ocean_shortcode_after_footer_widgets":"","ocean_shortcode_before_footer_bottom":"","ocean_shortcode_after_footer_bottom":"","ocean_display_top_bar":"default","ocean_display_header":"default","ocean_header_style":"","ocean_center_header_left_menu":"","ocean_custom_header_template":"","ocean_custom_logo":0,"ocean_custom_retina_logo":0,"ocean_custom_logo_max_width":0,"ocean_custom_logo_tablet_max_width":0,"ocean_custom_logo_mobile_max_width":0,"ocean_custom_logo_max_height":0,"ocean_custom_logo_tablet_max_height":0,"ocean_custom_logo_mobile_max_height":0,"ocean_header_custom_menu":"","ocean_menu_typo_font_family":"","ocean_menu_typo_font_subset":"","ocean_menu_typo_font_size":0,"ocean_menu_typo_font_size_tablet":0,"ocean_menu_typo_font_size_mobile":0,"ocean_menu_typo_font_size_unit":"px","ocean_menu_typo_font_weight":"","ocean_menu_typo_font_weight_tablet":"","ocean_menu_typo_font_weight_mobile":"","ocean_menu_typo_transform":"","ocean_menu_typo_transform_tablet":"","ocean_menu_typo_transform_mobile":"","ocean_menu_typo_line_height":0,"ocean_menu_typo_line_height_tablet":0,"ocean_menu_typo_line_height_mobile":0,"ocean_menu_typo_line_height_unit":"","ocean_menu_typo_spacing":0,"ocean_menu_typo_spacing_tablet":0,"ocean_menu_typo_spacing_mobile":0,"ocean_menu_typo_spacing_unit":"","ocean_menu_link_color":"","ocean_menu_link_color_hover":"","ocean_menu_link_color_active":"","ocean_menu_link_background":"","ocean_menu_link_hover_background":"","ocean_menu_link_active_background":"","ocean_menu_social_links_bg":"","ocean_menu_social_hover_links_bg":"","ocean_menu_social_links_color":"","ocean_menu_social_hover_links_color":"","ocean_disable_title":"default","ocean_disable_heading":"default","ocean_post_title":"","ocean_post_subheading":"","ocean_post_title_style":"","ocean_post_title_background_color":"","ocean_post_title_background":0,"ocean_post_title_bg_image_position":"","ocean_post_title_bg_image_attachment":"","ocean_post_title_bg_image_repeat":"","ocean_post_title_bg_image_size":"","ocean_post_title_height":0,"ocean_post_title_bg_overlay":0.5,"ocean_post_title_bg_overlay_color":"","ocean_disable_breadcrumbs":"default","ocean_breadcrumbs_color":"","ocean_breadcrumbs_separator_color":"","ocean_breadcrumbs_links_color":"","ocean_breadcrumbs_links_hover_color":"","ocean_display_footer_widgets":"default","ocean_display_footer_bottom":"default","ocean_custom_footer_template":"","footnotes":""},"class_list":["post-9","page","type-page","status-publish","hentry","entry","owp-thumbs-layout-horizontal","owp-btn-big","owp-tabs-layout-section","has-no-thumbnails","has-product-nav"],"yoast_head":"<!-- This site is optimized with the Yoast SEO plugin v27.5 - https:\/\/yoast.com\/product\/yoast-seo-wordpress\/ -->\n<title>Location vacances gite canal du midi - G\u00eete de la Coll\u00e9giale<\/title>\n<meta name=\"description\" content=\"Pour vos vacances en Occitanie, notre gite canal du midi au charme pr\u00e9serv\u00e9 avec piscine proche de Narbonne vous accueille jusqu&#039;\u00e0 4 personnes\" \/>\n<meta name=\"robots\" content=\"index, follow, max-snippet:-1, max-image-preview:large, max-video-preview:-1\" \/>\n<link rel=\"canonical\" href=\"https:\/\/www.gite-canal-midi.com\/en\/\" \/>\n<meta property=\"og:locale\" content=\"en_GB\" \/>\n<meta property=\"og:type\" content=\"article\" \/>\n<meta property=\"og:title\" content=\"Location vacances gite canal du midi - G\u00eete de la Coll\u00e9giale\" \/>\n<meta property=\"og:description\" content=\"Pour vos vacances en Occitanie, notre gite canal du midi au charme pr\u00e9serv\u00e9 avec piscine proche de Narbonne vous accueille jusqu&#039;\u00e0 4 personnes\" \/>\n<meta property=\"og:url\" content=\"https:\/\/www.gite-canal-midi.com\/en\/\" \/>\n<meta property=\"og:site_name\" content=\"G\u00eete de la Coll\u00e9giale\" \/>\n<meta property=\"article:modified_time\" content=\"2026-03-03T22:21:21+00:00\" \/>\n<meta property=\"og:image\" content=\"https:\/\/www.gite-canal-midi.com\/wp-content\/uploads\/2025\/02\/maison-grenier-1024x234.jpeg\" \/>\n<meta name=\"twitter:card\" content=\"summary_large_image\" \/>\n<meta name=\"twitter:label1\" content=\"Estimated reading time\" \/>\n\t<meta name=\"twitter:data1\" content=\"2 minutes\" \/>\n<script type=\"application\/ld+json\" class=\"yoast-schema-graph\">{\"@context\":\"https:\\\/\\\/schema.org\",\"@graph\":[{\"@type\":\"WebPage\",\"@id\":\"https:\\\/\\\/www.gite-canal-midi.com\\\/\",\"url\":\"https:\\\/\\\/www.gite-canal-midi.com\\\/\",\"name\":\"Location vacances gite canal du midi - G\u00eete de la Coll\u00e9giale\",\"isPartOf\":{\"@id\":\"https:\\\/\\\/www.gite-canal-midi.com\\\/#website\"},\"primaryImageOfPage\":{\"@id\":\"https:\\\/\\\/www.gite-canal-midi.com\\\/#primaryimage\"},\"image\":{\"@id\":\"https:\\\/\\\/www.gite-canal-midi.com\\\/#primaryimage\"},\"thumbnailUrl\":\"https:\\\/\\\/www.gite-canal-midi.com\\\/wp-content\\\/uploads\\\/2025\\\/02\\\/maison-grenier-1024x234.jpeg\",\"datePublished\":\"2025-02-09T14:39:27+00:00\",\"dateModified\":\"2026-03-03T22:21:21+00:00\",\"description\":\"Pour vos vacances en Occitanie, notre gite canal du midi au charme pr\u00e9serv\u00e9 avec piscine proche de Narbonne vous accueille jusqu'\u00e0 4 personnes\",\"breadcrumb\":{\"@id\":\"https:\\\/\\\/www.gite-canal-midi.com\\\/#breadcrumb\"},\"inLanguage\":\"en-GB\",\"potentialAction\":[{\"@type\":\"ReadAction\",\"target\":[\"https:\\\/\\\/www.gite-canal-midi.com\\\/\"]}]},{\"@type\":\"ImageObject\",\"inLanguage\":\"en-GB\",\"@id\":\"https:\\\/\\\/www.gite-canal-midi.com\\\/#primaryimage\",\"url\":\"https:\\\/\\\/www.gite-canal-midi.com\\\/wp-content\\\/uploads\\\/2025\\\/02\\\/maison-grenier-1024x234.jpeg\",\"contentUrl\":\"https:\\\/\\\/www.gite-canal-midi.com\\\/wp-content\\\/uploads\\\/2025\\\/02\\\/maison-grenier-1024x234.jpeg\"},{\"@type\":\"BreadcrumbList\",\"@id\":\"https:\\\/\\\/www.gite-canal-midi.com\\\/#breadcrumb\",\"itemListElement\":[{\"@type\":\"ListItem\",\"position\":1,\"name\":\"Accueil\",\"item\":\"https:\\\/\\\/www.gite-canal-midi.com\\\/\"},{\"@type\":\"ListItem\",\"position\":2,\"name\":\"G\u00eete de charme\"}]},{\"@type\":\"WebSite\",\"@id\":\"https:\\\/\\\/www.gite-canal-midi.com\\\/#website\",\"url\":\"https:\\\/\\\/www.gite-canal-midi.com\\\/\",\"name\":\"G\u00eete de la Coll\u00e9giale\",\"description\":\"Un g\u00eete de charme et d&#039;authenticit\u00e9\",\"publisher\":{\"@id\":\"https:\\\/\\\/www.gite-canal-midi.com\\\/#organization\"},\"potentialAction\":[{\"@type\":\"SearchAction\",\"target\":{\"@type\":\"EntryPoint\",\"urlTemplate\":\"https:\\\/\\\/www.gite-canal-midi.com\\\/?s={search_term_string}\"},\"query-input\":{\"@type\":\"PropertyValueSpecification\",\"valueRequired\":true,\"valueName\":\"search_term_string\"}}],\"inLanguage\":\"en-GB\"},{\"@type\":\"Organization\",\"@id\":\"https:\\\/\\\/www.gite-canal-midi.com\\\/#organization\",\"name\":\"G\u00eete de la Coll\u00e9giale\",\"url\":\"https:\\\/\\\/www.gite-canal-midi.com\\\/\",\"logo\":{\"@type\":\"ImageObject\",\"inLanguage\":\"en-GB\",\"@id\":\"https:\\\/\\\/www.gite-canal-midi.com\\\/#\\\/schema\\\/logo\\\/image\\\/\",\"url\":\"https:\\\/\\\/i0.wp.com\\\/www.gite-canal-midi.com\\\/wp-content\\\/uploads\\\/2025\\\/02\\\/cropped-Logo-gite-de-la-Collegiale-3.png?fit=1078%2C296&ssl=1\",\"contentUrl\":\"https:\\\/\\\/i0.wp.com\\\/www.gite-canal-midi.com\\\/wp-content\\\/uploads\\\/2025\\\/02\\\/cropped-Logo-gite-de-la-Collegiale-3.png?fit=1078%2C296&ssl=1\",\"width\":1078,\"height\":296,\"caption\":\"G\u00eete de la Coll\u00e9giale\"},\"image\":{\"@id\":\"https:\\\/\\\/www.gite-canal-midi.com\\\/#\\\/schema\\\/logo\\\/image\\\/\"}}]}<\/script>\n<!-- \/ Yoast SEO plugin. -->","yoast_head_json":{"title":"Location vacances gite canal du midi - G\u00eete de la Coll\u00e9giale","description":"Pour vos vacances en Occitanie, notre gite canal du midi au charme pr\u00e9serv\u00e9 avec piscine proche de Narbonne vous accueille jusqu'\u00e0 4 personnes","robots":{"index":"index","follow":"follow","max-snippet":"max-snippet:-1","max-image-preview":"max-image-preview:large","max-video-preview":"max-video-preview:-1"},"canonical":"https:\/\/www.gite-canal-midi.com\/en\/","og_locale":"en_GB","og_type":"article","og_title":"Location vacances gite canal du midi - G\u00eete de la Coll\u00e9giale","og_description":"Pour vos vacances en Occitanie, notre gite canal du midi au charme pr\u00e9serv\u00e9 avec piscine proche de Narbonne vous accueille jusqu'\u00e0 4 personnes","og_url":"https:\/\/www.gite-canal-midi.com\/en\/","og_site_name":"G\u00eete de la Coll\u00e9giale","article_modified_time":"2026-03-03T22:21:21+00:00","og_image":[{"url":"https:\/\/www.gite-canal-midi.com\/wp-content\/uploads\/2025\/02\/maison-grenier-1024x234.jpeg","type":"","width":"","height":""}],"twitter_card":"summary_large_image","twitter_misc":{"Estimated reading time":"2 minutes"},"schema":{"@context":"https:\/\/schema.org","@graph":[{"@type":"WebPage","@id":"https:\/\/www.gite-canal-midi.com\/","url":"https:\/\/www.gite-canal-midi.com\/","name":"Location vacances gite canal du midi - G\u00eete de la Coll\u00e9giale","isPartOf":{"@id":"https:\/\/www.gite-canal-midi.com\/#website"},"primaryImageOfPage":{"@id":"https:\/\/www.gite-canal-midi.com\/#primaryimage"},"image":{"@id":"https:\/\/www.gite-canal-midi.com\/#primaryimage"},"thumbnailUrl":"https:\/\/www.gite-canal-midi.com\/wp-content\/uploads\/2025\/02\/maison-grenier-1024x234.jpeg","datePublished":"2025-02-09T14:39:27+00:00","dateModified":"2026-03-03T22:21:21+00:00","description":"Pour vos vacances en Occitanie, notre gite canal du midi au charme pr\u00e9serv\u00e9 avec piscine proche de Narbonne vous accueille jusqu'\u00e0 4 personnes","breadcrumb":{"@id":"https:\/\/www.gite-canal-midi.com\/#breadcrumb"},"inLanguage":"en-GB","potentialAction":[{"@type":"ReadAction","target":["https:\/\/www.gite-canal-midi.com\/"]}]},{"@type":"ImageObject","inLanguage":"en-GB","@id":"https:\/\/www.gite-canal-midi.com\/#primaryimage","url":"https:\/\/www.gite-canal-midi.com\/wp-content\/uploads\/2025\/02\/maison-grenier-1024x234.jpeg","contentUrl":"https:\/\/www.gite-canal-midi.com\/wp-content\/uploads\/2025\/02\/maison-grenier-1024x234.jpeg"},{"@type":"BreadcrumbList","@id":"https:\/\/www.gite-canal-midi.com\/#breadcrumb","itemListElement":[{"@type":"ListItem","position":1,"name":"Accueil","item":"https:\/\/www.gite-canal-midi.com\/"},{"@type":"ListItem","position":2,"name":"G\u00eete de charme"}]},{"@type":"WebSite","@id":"https:\/\/www.gite-canal-midi.com\/#website","url":"https:\/\/www.gite-canal-midi.com\/","name":"G\u00eete de la Coll\u00e9giale","description":"Un g\u00eete de charme et d&#039;authenticit\u00e9","publisher":{"@id":"https:\/\/www.gite-canal-midi.com\/#organization"},"potentialAction":[{"@type":"SearchAction","target":{"@type":"EntryPoint","urlTemplate":"https:\/\/www.gite-canal-midi.com\/?s={search_term_string}"},"query-input":{"@type":"PropertyValueSpecification","valueRequired":true,"valueName":"search_term_string"}}],"inLanguage":"en-GB"},{"@type":"Organization","@id":"https:\/\/www.gite-canal-midi.com\/#organization","name":"G\u00eete de la Coll\u00e9giale","url":"https:\/\/www.gite-canal-midi.com\/","logo":{"@type":"ImageObject","inLanguage":"en-GB","@id":"https:\/\/www.gite-canal-midi.com\/#\/schema\/logo\/image\/","url":"https:\/\/i0.wp.com\/www.gite-canal-midi.com\/wp-content\/uploads\/2025\/02\/cropped-Logo-gite-de-la-Collegiale-3.png?fit=1078%2C296&ssl=1","contentUrl":"https:\/\/i0.wp.com\/www.gite-canal-midi.com\/wp-content\/uploads\/2025\/02\/cropped-Logo-gite-de-la-Collegiale-3.png?fit=1078%2C296&ssl=1","width":1078,"height":296,"caption":"G\u00eete de la Coll\u00e9giale"},"image":{"@id":"https:\/\/www.gite-canal-midi.com\/#\/schema\/logo\/image\/"}}]}},"jetpack_sharing_enabled":true,"_links":{"self":[{"href":"https:\/\/www.gite-canal-midi.com\/en\/wp-json\/wp\/v2\/pages\/9","targetHints":{"allow":["GET"]}}],"collection":[{"href":"https:\/\/www.gite-canal-midi.com\/en\/wp-json\/wp\/v2\/pages"}],"about":[{"href":"https:\/\/www.gite-canal-midi.com\/en\/wp-json\/wp\/v2\/types\/page"}],"author":[{"embeddable":true,"href":"https:\/\/www.gite-canal-midi.com\/en\/wp-json\/wp\/v2\/users\/1"}],"replies":[{"embeddable":true,"href":"https:\/\/www.gite-canal-midi.com\/en\/wp-json\/wp\/v2\/comments?post=9"}],"version-history":[{"count":153,"href":"https:\/\/www.gite-canal-midi.com\/en\/wp-json\/wp\/v2\/pages\/9\/revisions"}],"predecessor-version":[{"id":2805,"href":"https:\/\/www.gite-canal-midi.com\/en\/wp-json\/wp\/v2\/pages\/9\/revisions\/2805"}],"wp:attachment":[{"href":"https:\/\/www.gite-canal-midi.com\/en\/wp-json\/wp\/v2\/media?parent=9"}],"curies":[{"name":"wp","href":"https:\/\/api.w.org\/{rel}","templated":true}]}}