{"id":73,"date":"2025-02-09T16:29:30","date_gmt":"2025-02-09T16:29:30","guid":{"rendered":"https:\/\/www.gite-canal-midi.com\/?page_id=73"},"modified":"2026-03-03T22:15:14","modified_gmt":"2026-03-03T22:15:14","slug":"mentions-legales","status":"publish","type":"page","link":"https:\/\/www.gite-canal-midi.com\/en\/mentions-legales\/","title":{"rendered":"Legal notices"},"content":{"rendered":"<div data-elementor-type=\"wp-page\" data-elementor-id=\"73\" class=\"elementor elementor-73\">\n\t\t\t\t\t\t<section class=\"elementor-section elementor-top-section elementor-element elementor-element-21e9b6a elementor-section-boxed elementor-section-height-default elementor-section-height-default\" data-id=\"21e9b6a\" data-element_type=\"section\" data-e-type=\"section\">\n\t\t\t\t\t\t<div class=\"elementor-container elementor-column-gap-default\">\n\t\t\t\t\t<div class=\"elementor-column elementor-col-100 elementor-top-column elementor-element elementor-element-71df710\" data-id=\"71df710\" data-element_type=\"column\" data-e-type=\"column\">\n\t\t\t<div class=\"elementor-widget-wrap elementor-element-populated\">\n\t\t\t\t\t\t<div class=\"elementor-element elementor-element-7c29ca3 elementor-widget elementor-widget-text-editor\" data-id=\"7c29ca3\" data-element_type=\"widget\" data-e-type=\"widget\" data-widget_type=\"text-editor.default\">\n\t\t\t\t<div class=\"elementor-widget-container\">\n\t\t\t\t\t\t\t\t\t<p><span style=\"text-decoration: underline;\"><strong><span id=\"lwptoc20\">1 \u2013 Editing the site<\/span><\/strong><\/span><\/p><p>En vertu de l&rsquo;article 6 de la loi n\u00b0 2004-575 du 21 juin 2004 pour la confiance dans l&rsquo;\u00e9conomie num\u00e9rique, il est pr\u00e9cis\u00e9 aux utilisateurs et utilisatrices du site internet <a href=\"https:\/\/www.gite-canal-midi.com\/en\/\" target=\"_blank\" rel=\"noopener\"><strong><span class=\"ff_dynamic_value\" data-ref=\"url\" data-fallback=\"\">https:\/\/gite-canal-midi.com<\/span><\/strong><\/a> l&rsquo;identit\u00e9 des diff\u00e9rents intervenants dans le cadre de sa r\u00e9alisation et de son suivi :<\/p><p class=\"translation-block\"><strong>Site owner:<\/strong><span class=\"ff_dynamic_value\" data-ref=\"owner_name\" data-fallback=\"\">LMNP ROUE Company<\/span> \u2013 Contact: <a href=\"mailto:gite.collegiale.capestang@gmail.com\" target=\"_blank\" rel=\"noopener\">gite.collegiale.capestang@gmail.com<\/a> and <span class=\"ff_dynamic_value\" data-ref=\"telephone\" data-fallback=\"\">07 61 43 51 34<\/span> \u2013 Address: <span class=\"ff_dynamic_value\" data-ref=\"postal_address\" data-fallback=\"\">2 place de la r\u00e9volution 34310 Capestang<\/span>.<\/p><p class=\"translation-block\"><strong>Company identification:<\/strong> <span class=\"ff_dynamic_value\" data-ref=\"owner_name\" data-fallback=\"\">LMNP ROUE Company<\/span> \u2013 SIREN: <span class=\"ff_dynamic_value\" data-ref=\"siren\" data-fallback=\"\">925147472<\/span> \u2013 Postal address: <span class=\"ff_dynamic_value\" data-ref=\"postal_address\" data-fallback=\"\">2 place de la r\u00e9volution 34310 Capestang<\/span> \u2013 <a href=\"https:\/\/www.gite-canal-midi.com\/en\/conditions-generales-de-vente-2\/\" target=\"_blank\" rel=\"noopener\"><span class=\"ff_dynamic_value\" data-ref=\"cgv\" data-fallback=\"\">https:\/\/www.gite-canal-midi.com\/conditions-generales-de-vente-2\/<\/span><\/a><\/p><p class=\"translation-block\"><strong>Publication Director:<\/strong> \u2013 Contact: Christine ROUE<\/p><p class=\"translation-block\"><strong>Host:<\/strong> <span class=\"ff_dynamic_value\" data-ref=\"hebergeur\">O2Switch \u2013 222 Boulevard Gustave Flaubert, 63000 Clermont-Ferrand \u2013 Telephone: 04.44.44.60.40<\/span><\/p><p class=\"translation-block\"><strong>Data Protection Officer:<\/strong><span class=\"ff_dynamic_value\" data-ref=\"dpo\" data-fallback=\"\">Christine ROUE<\/span> \u2013<a href=\"mailto:gite.collegiale.capestang@gmail.com\" target=\"_blank\" rel=\"noopener\">gite.collegiale.capestang@gmail.com<\/a><\/p><hr class=\"wp-block-separator\" \/><p><span style=\"text-decoration: underline;\"><strong><span id=\"lwptoc21\">2 \u2013 Intellectual property and counterfeiting<\/span><\/strong><\/span><\/p><p><span class=\"ff_dynamic_value\" data-ref=\"nom_proprietaire\" data-fallback=\"\">La<\/span><strong><span class=\"ff_dynamic_value\" data-ref=\"nom_proprietaire\" data-fallback=\"\"> Soci\u00e9t\u00e9 LMNP ROUE<\/span><\/strong>\u00a0est propri\u00e9taire des droits de propri\u00e9t\u00e9 intellectuelle et d\u00e9tient les droits d\u2019usage sur tous les \u00e9l\u00e9ments accessibles sur le site internet, notamment les textes, images, graphismes, logos, vid\u00e9os, architecture, ic\u00f4nes et sons.<\/p><p class=\"translation-block\">Any reproduction, representation, modification, publication, adaptation of all or part of the elements of the site, whatever the means or process used, is prohibited, except with the prior written authorization of <strong><span class=\"ff_dynamic_value\" data-ref=\"nom_proprietaire\" data-fallback=\"\">Soci\u00e9t\u00e9 LMNP ROUE<\/span><\/strong>.<\/p><p class=\"translation-block\">Any unauthorized use of the site or any of the elements it contains will be considered as constituting an infringement and will be prosecuted in accordance with the provisions of Articles <a href=\"https:\/\/www.legifrance.gouv.fr\/affichCodeArticle.do?idArticle=LEGIARTI000032655082&amp;cidTexte=LEGITEXT000006069414&amp;dateTexte=20160605\" target=\"_blank\" rel=\"noreferrer nofollow noopener\">L.335-2 et seq. of the Intellectual Property Code<\/a>.\nCo<\/p><hr class=\"wp-block-separator\" \/><p><span style=\"text-decoration: underline;\"><strong><span id=\"lwptoc22\">3 \u2013 Limitations of liability<\/span><\/strong><\/span><\/p><p><span class=\"ff_dynamic_value\" data-ref=\"nom_proprietaire\" data-fallback=\"\">La <\/span><strong><span class=\"ff_dynamic_value\" data-ref=\"nom_proprietaire\" data-fallback=\"\">Soci\u00e9t\u00e9 LMNP ROUE<\/span><\/strong> ne pourra \u00eatre tenue pour responsable des dommages directs et indirects caus\u00e9s au mat\u00e9riel de l\u2019utilisateur ou de l&rsquo;utilisatrice, lors de l\u2019acc\u00e8s au site <a href=\"https:\/\/www.gite-canal-midi.com\/en\/\" target=\"_blank\" rel=\"noopener\"><strong><span class=\"ff_dynamic_value\" data-ref=\"url\" data-fallback=\"\">https:\/\/gite-canal-midi.com<\/span><\/strong><\/a>.<\/p><p><span class=\"ff_dynamic_value\" data-ref=\"nom_proprietaire\" data-fallback=\"\">La<\/span><strong><span class=\"ff_dynamic_value\" data-ref=\"nom_proprietaire\" data-fallback=\"\"> Soci\u00e9t\u00e9 LMNP ROUE<\/span><\/strong>\u00a0d\u00e9cline toute responsabilit\u00e9 quant \u00e0 l\u2019utilisation qui pourrait \u00eatre faite des informations et contenus pr\u00e9sents sur\u00a0<a href=\"https:\/\/www.gite-canal-midi.com\/en\/\" target=\"_blank\" rel=\"noopener\"><strong><span class=\"ff_dynamic_value\" data-ref=\"url\" data-fallback=\"\">https:\/\/gite-canal-midi.com<\/span><\/strong><\/a>.<\/p><p><span class=\"ff_dynamic_value\" data-ref=\"nom_proprietaire\" data-fallback=\"\">La <\/span><strong><span class=\"ff_dynamic_value\" data-ref=\"nom_proprietaire\" data-fallback=\"\">Soci\u00e9t\u00e9 LMNP ROUE<\/span><\/strong>\u00a0s\u2019engage \u00e0 s\u00e9curiser au mieux le site\u00a0<a href=\"https:\/\/www.gite-canal-midi.com\/en\/\" target=\"_blank\" rel=\"noopener\"><strong><span class=\"ff_dynamic_value\" data-ref=\"url\" data-fallback=\"\">https:\/\/gite-canal-midi.com<\/span><\/strong><\/a>, cependant sa responsabilit\u00e9 ne pourra \u00eatre mise en cause si des donn\u00e9es ind\u00e9sirables sont import\u00e9es et install\u00e9es sur son site \u00e0 son insu.<\/p><p>Des espaces interactifs (espace contact ou commentaires) sont \u00e0 la disposition des utilisateurs. <span class=\"ff_dynamic_value\" data-ref=\"nom_proprietaire\" data-fallback=\"\">La <\/span><strong><span class=\"ff_dynamic_value\" data-ref=\"nom_proprietaire\" data-fallback=\"\">Soci\u00e9t\u00e9 LMNP ROUE<\/span><\/strong>\u00a0se r\u00e9serve le droit de supprimer, sans mise en demeure pr\u00e9alable, tout contenu d\u00e9pos\u00e9 dans cet espace qui contreviendrait \u00e0 la l\u00e9gislation applicable en France, en particulier aux dispositions relatives \u00e0 la protection des donn\u00e9es.<\/p><p>Le cas \u00e9ch\u00e9ant, la <strong><span class=\"ff_dynamic_value\" data-ref=\"nom_proprietaire\" data-fallback=\"\">Soci\u00e9t\u00e9 LMNP ROUE<\/span><\/strong> se r\u00e9serve \u00e9galement la possibilit\u00e9 de mettre en cause la responsabilit\u00e9 civile et\/ou p\u00e9nale de l\u2019utilisateur ou de l&rsquo;utilisatrice, notamment en cas de message \u00e0 caract\u00e8re raciste, injurieux, diffamant, ou pornographique, quel que soit le support utilis\u00e9 (texte, photographie \u2026).<\/p><hr class=\"wp-block-separator\" \/><p><span style=\"text-decoration: underline;\"><strong><span id=\"lwptoc23\">4 \u2013 CNIL (National Commission for Information Technology and Civil Liberties) and management of personal data<\/span><\/strong><\/span><\/p><p class=\"translation-block\">In accordance with the provisions of <a href=\"https:\/\/www.legifrance.gouv.fr\/affichTexte.do?cidTexte=JORFTEXT000000886460\" target=\"_blank\" rel=\"noreferrer nofollow noopener\">Law 78-17 of 6 January 1978 as amended<\/a>, the user of the site <a href=\"https:\/\/www.gite-canal-midi.com\/en\/\" target=\"_blank\" rel=\"noopener\"><strong><span class=\"ff_dynamic_value\" data-ref=\"url\" data-fallback=\"\">https:\/\/gite-canal-midi.com<\/span><\/strong><\/a> has the right to access, modify and delete the information collected. To exercise this right, send a message to our Data Protection Officer: <strong><span class=\"ff_dynamic_value\" data-ref=\"dpo\" data-fallback=\"\">Christine ROUE<\/span><\/strong> \u2013 <a href=\"mailto:gite.collegiale.capestang@gmail.com\" target=\"_blank\" rel=\"noopener\">gite.collegiale.capestang@gmail.com<\/a><\/p><p class=\"translation-block\">For more information on how we process your data (type of data, purpose, recipient, etc.), read our <a href=\"https:\/\/www.gite-canal-midi.com\/en\/privacy-policy\/\" target=\"_self\"><strong><span class=\"ff_dynamic_value\" data-ref=\"politique_confidentialite\" data-fallback=\"\">https:\/\/www.gite-canal-midi.com\/privacy-policy\/<\/span><\/strong><\/a>.<\/p><hr class=\"wp-block-separator\" \/><p><span style=\"text-decoration: underline;\"><strong><span id=\"lwptoc24\">5 \u2013 Hypertext links and cookies<\/span><\/strong><\/span><\/p><p class=\"translation-block\">The site <a href=\"https:\/\/www.gite-canal-midi.com\/en\/\" target=\"_blank\" rel=\"noopener\"><strong><span class=\"ff_dynamic_value\" data-ref=\"url\" data-fallback=\"\">https:\/\/gite-canal-midi.com<\/span><\/strong><\/a> contains hyperlinks to other sites and disclaims all liability for these external links or links created by other sites to <a href=\"https:\/\/www.gite-canal-midi.com\/en\/\" target=\"_blank\" rel=\"noopener\"><strong><span class=\"ff_dynamic_value\" data-ref=\"url\" data-fallback=\"\">https:\/\/gite-canal-midi.com<\/span><\/strong><\/a>.<\/p><p>La navigation sur le site\u00a0<a href=\"https:\/\/www.gite-canal-midi.com\/en\/\" target=\"_blank\" rel=\"noopener\"><strong><span class=\"ff_dynamic_value\" data-ref=\"url\" data-fallback=\"\">https:\/\/gite-canal-midi.com<\/span><\/strong><\/a> est susceptible de provoquer l\u2019installation de cookie(s) sur l\u2019ordinateur de l\u2019utilisateur ou de l&rsquo;utilisatrice.<\/p><p>Un \u00ab\u00a0cookie\u00a0\u00bb est un fichier de petite taille qui enregistre des informations relatives \u00e0 la navigation d\u2019un utilisateur ou d&rsquo;une utilisatrice sur un site. Les donn\u00e9es ainsi obtenues permettent d&rsquo;obtenir des mesures de fr\u00e9quentation, par exemple.<\/p><p class=\"translation-block\">You have the option to <strong>accept or reject cookies<\/strong> by changing your browser settings. No cookies will be placed without your consent.<\/p><p class=\"translation-block\">Cookies are stored for a maximum period of <span class=\"ff_dynamic_value\" data-ref=\"cookies\" data-fallback=\"\">6<\/span> months.<\/p><p class=\"translation-block\">For more information on how we use cookies, please read our <a href=\"https:\/\/www.gite-canal-midi.com\/en\/privacy-policy\/\" target=\"_self\"><strong><span class=\"ff_dynamic_value\" data-ref=\"politique_confidentialite\" data-fallback=\"\">https:\/\/www.gite-canal-midi.com\/privacy-policy\/<\/span><\/strong><\/a>.<\/p><hr class=\"wp-block-separator\" \/><p><span style=\"text-decoration: underline;\"><strong><span id=\"lwptoc25\">6 \u2013 Applicable law and attribution of jurisdiction<\/span><\/strong><\/span><\/p><p class=\"translation-block\">Any dispute relating to the use of the site <a href=\"https:\/\/www.gite-canal-midi.com\/en\/\" target=\"_blank\" rel=\"noopener\"><strong><span class=\"ff_dynamic_value\" data-ref=\"url\" data-fallback=\"\">https:\/\/gite-canal-midi.com<\/span><\/strong><\/a> is subject to French law. Except in cases where the law does not allow it, exclusive jurisdiction is granted to the competent courts of <strong><span class=\"ff_dynamic_value\" data-ref=\"ville_du_tribunal\" data-fallback=\"\">B\u00e9ziers<\/span><\/strong>.<\/p><div class=\"wp-block-spacer\" aria-hidden=\"true\">\u00a0<\/div>\t\t\t\t\t\t\t\t<\/div>\n\t\t\t\t<\/div>\n\t\t\t\t\t<\/div>\n\t\t<\/div>\n\t\t\t\t\t<\/div>\n\t\t<\/section>\n\t\t\t\t<\/div>","protected":false},"excerpt":{"rendered":"<p>1 &#8211; \u00c9dition du site En vertu de l&rsquo;article 6 de la loi n\u00b0 2004-575 du 21 juin 2004 pour la confiance dans l&rsquo;\u00e9conomie num\u00e9rique, il est pr\u00e9cis\u00e9 aux utilisateurs et utilisatrices du site internet https:\/\/gite-canal-midi.com l&rsquo;identit\u00e9 des diff\u00e9rents intervenants dans le cadre de sa r\u00e9alisation et de son suivi : Propri\u00e9taire du site :\u00a0Soci\u00e9t\u00e9 [&hellip;]<\/p>","protected":false},"author":1,"featured_media":0,"parent":0,"menu_order":0,"comment_status":"closed","ping_status":"closed","template":"","meta":{"ocean_post_layout":"","ocean_both_sidebars_style":"","ocean_both_sidebars_content_width":0,"ocean_both_sidebars_sidebars_width":0,"ocean_sidebar":"","ocean_second_sidebar":"","ocean_disable_margins":"enable","ocean_add_body_class":"","ocean_shortcode_before_top_bar":"","ocean_shortcode_after_top_bar":"","ocean_shortcode_before_header":"","ocean_shortcode_after_header":"","ocean_has_shortcode":"","ocean_shortcode_after_title":"","ocean_shortcode_before_footer_widgets":"","ocean_shortcode_after_footer_widgets":"","ocean_shortcode_before_footer_bottom":"","ocean_shortcode_after_footer_bottom":"","ocean_display_top_bar":"default","ocean_display_header":"default","ocean_header_style":"","ocean_center_header_left_menu":"","ocean_custom_header_template":"","ocean_custom_logo":0,"ocean_custom_retina_logo":0,"ocean_custom_logo_max_width":0,"ocean_custom_logo_tablet_max_width":0,"ocean_custom_logo_mobile_max_width":0,"ocean_custom_logo_max_height":0,"ocean_custom_logo_tablet_max_height":0,"ocean_custom_logo_mobile_max_height":0,"ocean_header_custom_menu":"","ocean_menu_typo_font_family":"","ocean_menu_typo_font_subset":"","ocean_menu_typo_font_size":0,"ocean_menu_typo_font_size_tablet":0,"ocean_menu_typo_font_size_mobile":0,"ocean_menu_typo_font_size_unit":"px","ocean_menu_typo_font_weight":"","ocean_menu_typo_font_weight_tablet":"","ocean_menu_typo_font_weight_mobile":"","ocean_menu_typo_transform":"","ocean_menu_typo_transform_tablet":"","ocean_menu_typo_transform_mobile":"","ocean_menu_typo_line_height":0,"ocean_menu_typo_line_height_tablet":0,"ocean_menu_typo_line_height_mobile":0,"ocean_menu_typo_line_height_unit":"","ocean_menu_typo_spacing":0,"ocean_menu_typo_spacing_tablet":0,"ocean_menu_typo_spacing_mobile":0,"ocean_menu_typo_spacing_unit":"","ocean_menu_link_color":"","ocean_menu_link_color_hover":"","ocean_menu_link_color_active":"","ocean_menu_link_background":"","ocean_menu_link_hover_background":"","ocean_menu_link_active_background":"","ocean_menu_social_links_bg":"","ocean_menu_social_hover_links_bg":"","ocean_menu_social_links_color":"","ocean_menu_social_hover_links_color":"","ocean_disable_title":"default","ocean_disable_heading":"default","ocean_post_title":"","ocean_post_subheading":"","ocean_post_title_style":"","ocean_post_title_background_color":"","ocean_post_title_background":0,"ocean_post_title_bg_image_position":"","ocean_post_title_bg_image_attachment":"","ocean_post_title_bg_image_repeat":"","ocean_post_title_bg_image_size":"","ocean_post_title_height":0,"ocean_post_title_bg_overlay":0.5,"ocean_post_title_bg_overlay_color":"","ocean_disable_breadcrumbs":"default","ocean_breadcrumbs_color":"","ocean_breadcrumbs_separator_color":"","ocean_breadcrumbs_links_color":"","ocean_breadcrumbs_links_hover_color":"","ocean_display_footer_widgets":"default","ocean_display_footer_bottom":"default","ocean_custom_footer_template":"","footnotes":""},"class_list":["post-73","page","type-page","status-publish","hentry","entry","owp-thumbs-layout-horizontal","owp-btn-big","owp-tabs-layout-section","has-no-thumbnails","has-product-nav"],"yoast_head":"<!-- This site is optimized with the Yoast SEO plugin v27.5 - https:\/\/yoast.com\/product\/yoast-seo-wordpress\/ -->\n<title>Mentions l\u00e9gales - G\u00eete de la Coll\u00e9giale<\/title>\n<meta name=\"robots\" content=\"index, follow, max-snippet:-1, max-image-preview:large, max-video-preview:-1\" \/>\n<link rel=\"canonical\" href=\"https:\/\/www.gite-canal-midi.com\/en\/mentions-legales\/\" \/>\n<meta property=\"og:locale\" content=\"en_GB\" \/>\n<meta property=\"og:type\" content=\"article\" \/>\n<meta property=\"og:title\" content=\"Mentions l\u00e9gales - G\u00eete de la Coll\u00e9giale\" \/>\n<meta property=\"og:description\" content=\"1 &#8211; \u00c9dition du site En vertu de l&rsquo;article 6 de la loi n\u00b0 2004-575 du 21 juin 2004 pour la confiance dans l&rsquo;\u00e9conomie num\u00e9rique, il est pr\u00e9cis\u00e9 aux utilisateurs et utilisatrices du site internet https:\/\/gite-canal-midi.com l&rsquo;identit\u00e9 des diff\u00e9rents intervenants dans le cadre de sa r\u00e9alisation et de son suivi : Propri\u00e9taire du site :\u00a0Soci\u00e9t\u00e9 [&hellip;]\" \/>\n<meta property=\"og:url\" content=\"https:\/\/www.gite-canal-midi.com\/en\/mentions-legales\/\" \/>\n<meta property=\"og:site_name\" content=\"G\u00eete de la Coll\u00e9giale\" \/>\n<meta property=\"article:modified_time\" content=\"2026-03-03T22:15:14+00:00\" \/>\n<meta name=\"twitter:card\" content=\"summary_large_image\" \/>\n<meta name=\"twitter:label1\" content=\"Estimated reading time\" \/>\n\t<meta name=\"twitter:data1\" content=\"4 minutes\" \/>\n<script type=\"application\/ld+json\" class=\"yoast-schema-graph\">{\"@context\":\"https:\\\/\\\/schema.org\",\"@graph\":[{\"@type\":\"WebPage\",\"@id\":\"https:\\\/\\\/www.gite-canal-midi.com\\\/mentions-legales\\\/\",\"url\":\"https:\\\/\\\/www.gite-canal-midi.com\\\/mentions-legales\\\/\",\"name\":\"Mentions l\u00e9gales - G\u00eete de la Coll\u00e9giale\",\"isPartOf\":{\"@id\":\"https:\\\/\\\/www.gite-canal-midi.com\\\/#website\"},\"datePublished\":\"2025-02-09T16:29:30+00:00\",\"dateModified\":\"2026-03-03T22:15:14+00:00\",\"breadcrumb\":{\"@id\":\"https:\\\/\\\/www.gite-canal-midi.com\\\/mentions-legales\\\/#breadcrumb\"},\"inLanguage\":\"en-GB\",\"potentialAction\":[{\"@type\":\"ReadAction\",\"target\":[\"https:\\\/\\\/www.gite-canal-midi.com\\\/mentions-legales\\\/\"]}]},{\"@type\":\"BreadcrumbList\",\"@id\":\"https:\\\/\\\/www.gite-canal-midi.com\\\/mentions-legales\\\/#breadcrumb\",\"itemListElement\":[{\"@type\":\"ListItem\",\"position\":1,\"name\":\"Accueil\",\"item\":\"https:\\\/\\\/www.gite-canal-midi.com\\\/\"},{\"@type\":\"ListItem\",\"position\":2,\"name\":\"Mentions l\u00e9gales\"}]},{\"@type\":\"WebSite\",\"@id\":\"https:\\\/\\\/www.gite-canal-midi.com\\\/#website\",\"url\":\"https:\\\/\\\/www.gite-canal-midi.com\\\/\",\"name\":\"G\u00eete de la Coll\u00e9giale\",\"description\":\"Un g\u00eete de charme et d&#039;authenticit\u00e9\",\"publisher\":{\"@id\":\"https:\\\/\\\/www.gite-canal-midi.com\\\/#organization\"},\"potentialAction\":[{\"@type\":\"SearchAction\",\"target\":{\"@type\":\"EntryPoint\",\"urlTemplate\":\"https:\\\/\\\/www.gite-canal-midi.com\\\/?s={search_term_string}\"},\"query-input\":{\"@type\":\"PropertyValueSpecification\",\"valueRequired\":true,\"valueName\":\"search_term_string\"}}],\"inLanguage\":\"en-GB\"},{\"@type\":\"Organization\",\"@id\":\"https:\\\/\\\/www.gite-canal-midi.com\\\/#organization\",\"name\":\"G\u00eete de la Coll\u00e9giale\",\"url\":\"https:\\\/\\\/www.gite-canal-midi.com\\\/\",\"logo\":{\"@type\":\"ImageObject\",\"inLanguage\":\"en-GB\",\"@id\":\"https:\\\/\\\/www.gite-canal-midi.com\\\/#\\\/schema\\\/logo\\\/image\\\/\",\"url\":\"https:\\\/\\\/i0.wp.com\\\/www.gite-canal-midi.com\\\/wp-content\\\/uploads\\\/2025\\\/02\\\/cropped-Logo-gite-de-la-Collegiale-3.png?fit=1078%2C296&ssl=1\",\"contentUrl\":\"https:\\\/\\\/i0.wp.com\\\/www.gite-canal-midi.com\\\/wp-content\\\/uploads\\\/2025\\\/02\\\/cropped-Logo-gite-de-la-Collegiale-3.png?fit=1078%2C296&ssl=1\",\"width\":1078,\"height\":296,\"caption\":\"G\u00eete de la Coll\u00e9giale\"},\"image\":{\"@id\":\"https:\\\/\\\/www.gite-canal-midi.com\\\/#\\\/schema\\\/logo\\\/image\\\/\"}}]}<\/script>\n<!-- \/ Yoast SEO plugin. -->","yoast_head_json":{"title":"Mentions l\u00e9gales - G\u00eete de la Coll\u00e9giale","robots":{"index":"index","follow":"follow","max-snippet":"max-snippet:-1","max-image-preview":"max-image-preview:large","max-video-preview":"max-video-preview:-1"},"canonical":"https:\/\/www.gite-canal-midi.com\/en\/mentions-legales\/","og_locale":"en_GB","og_type":"article","og_title":"Mentions l\u00e9gales - G\u00eete de la Coll\u00e9giale","og_description":"1 &#8211; \u00c9dition du site En vertu de l&rsquo;article 6 de la loi n\u00b0 2004-575 du 21 juin 2004 pour la confiance dans l&rsquo;\u00e9conomie num\u00e9rique, il est pr\u00e9cis\u00e9 aux utilisateurs et utilisatrices du site internet https:\/\/gite-canal-midi.com l&rsquo;identit\u00e9 des diff\u00e9rents intervenants dans le cadre de sa r\u00e9alisation et de son suivi : Propri\u00e9taire du site :\u00a0Soci\u00e9t\u00e9 [&hellip;]","og_url":"https:\/\/www.gite-canal-midi.com\/en\/mentions-legales\/","og_site_name":"G\u00eete de la Coll\u00e9giale","article_modified_time":"2026-03-03T22:15:14+00:00","twitter_card":"summary_large_image","twitter_misc":{"Estimated reading time":"4 minutes"},"schema":{"@context":"https:\/\/schema.org","@graph":[{"@type":"WebPage","@id":"https:\/\/www.gite-canal-midi.com\/mentions-legales\/","url":"https:\/\/www.gite-canal-midi.com\/mentions-legales\/","name":"Mentions l\u00e9gales - G\u00eete de la Coll\u00e9giale","isPartOf":{"@id":"https:\/\/www.gite-canal-midi.com\/#website"},"datePublished":"2025-02-09T16:29:30+00:00","dateModified":"2026-03-03T22:15:14+00:00","breadcrumb":{"@id":"https:\/\/www.gite-canal-midi.com\/mentions-legales\/#breadcrumb"},"inLanguage":"en-GB","potentialAction":[{"@type":"ReadAction","target":["https:\/\/www.gite-canal-midi.com\/mentions-legales\/"]}]},{"@type":"BreadcrumbList","@id":"https:\/\/www.gite-canal-midi.com\/mentions-legales\/#breadcrumb","itemListElement":[{"@type":"ListItem","position":1,"name":"Accueil","item":"https:\/\/www.gite-canal-midi.com\/"},{"@type":"ListItem","position":2,"name":"Mentions l\u00e9gales"}]},{"@type":"WebSite","@id":"https:\/\/www.gite-canal-midi.com\/#website","url":"https:\/\/www.gite-canal-midi.com\/","name":"G\u00eete de la Coll\u00e9giale","description":"Un g\u00eete de charme et d&#039;authenticit\u00e9","publisher":{"@id":"https:\/\/www.gite-canal-midi.com\/#organization"},"potentialAction":[{"@type":"SearchAction","target":{"@type":"EntryPoint","urlTemplate":"https:\/\/www.gite-canal-midi.com\/?s={search_term_string}"},"query-input":{"@type":"PropertyValueSpecification","valueRequired":true,"valueName":"search_term_string"}}],"inLanguage":"en-GB"},{"@type":"Organization","@id":"https:\/\/www.gite-canal-midi.com\/#organization","name":"G\u00eete de la Coll\u00e9giale","url":"https:\/\/www.gite-canal-midi.com\/","logo":{"@type":"ImageObject","inLanguage":"en-GB","@id":"https:\/\/www.gite-canal-midi.com\/#\/schema\/logo\/image\/","url":"https:\/\/i0.wp.com\/www.gite-canal-midi.com\/wp-content\/uploads\/2025\/02\/cropped-Logo-gite-de-la-Collegiale-3.png?fit=1078%2C296&ssl=1","contentUrl":"https:\/\/i0.wp.com\/www.gite-canal-midi.com\/wp-content\/uploads\/2025\/02\/cropped-Logo-gite-de-la-Collegiale-3.png?fit=1078%2C296&ssl=1","width":1078,"height":296,"caption":"G\u00eete de la Coll\u00e9giale"},"image":{"@id":"https:\/\/www.gite-canal-midi.com\/#\/schema\/logo\/image\/"}}]}},"jetpack_sharing_enabled":true,"_links":{"self":[{"href":"https:\/\/www.gite-canal-midi.com\/en\/wp-json\/wp\/v2\/pages\/73","targetHints":{"allow":["GET"]}}],"collection":[{"href":"https:\/\/www.gite-canal-midi.com\/en\/wp-json\/wp\/v2\/pages"}],"about":[{"href":"https:\/\/www.gite-canal-midi.com\/en\/wp-json\/wp\/v2\/types\/page"}],"author":[{"embeddable":true,"href":"https:\/\/www.gite-canal-midi.com\/en\/wp-json\/wp\/v2\/users\/1"}],"replies":[{"embeddable":true,"href":"https:\/\/www.gite-canal-midi.com\/en\/wp-json\/wp\/v2\/comments?post=73"}],"version-history":[{"count":76,"href":"https:\/\/www.gite-canal-midi.com\/en\/wp-json\/wp\/v2\/pages\/73\/revisions"}],"predecessor-version":[{"id":2796,"href":"https:\/\/www.gite-canal-midi.com\/en\/wp-json\/wp\/v2\/pages\/73\/revisions\/2796"}],"wp:attachment":[{"href":"https:\/\/www.gite-canal-midi.com\/en\/wp-json\/wp\/v2\/media?parent=73"}],"curies":[{"name":"wp","href":"https:\/\/api.w.org\/{rel}","templated":true}]}}