{"id":27,"date":"2025-02-09T14:48:43","date_gmt":"2025-02-09T14:48:43","guid":{"rendered":"https:\/\/www.gite-canal-midi.com\/?page_id=27"},"modified":"2025-03-03T13:31:38","modified_gmt":"2025-03-03T13:31:38","slug":"liste-des-equipements","status":"publish","type":"page","link":"https:\/\/www.gite-canal-midi.com\/en\/liste-des-equipements\/","title":{"rendered":"Equipment list"},"content":{"rendered":"<div data-elementor-type=\"wp-page\" data-elementor-id=\"27\" class=\"elementor elementor-27\">\n\t\t\t\t\t\t<section class=\"elementor-section elementor-top-section elementor-element elementor-element-a34cff4 elementor-section-boxed elementor-section-height-default elementor-section-height-default\" data-id=\"a34cff4\" data-element_type=\"section\" data-e-type=\"section\">\n\t\t\t\t\t\t<div class=\"elementor-container elementor-column-gap-default\">\n\t\t\t\t\t<div class=\"elementor-column elementor-col-50 elementor-top-column elementor-element elementor-element-dddf7d8\" data-id=\"dddf7d8\" data-element_type=\"column\" data-e-type=\"column\">\n\t\t\t<div class=\"elementor-widget-wrap elementor-element-populated\">\n\t\t\t\t\t\t<div class=\"elementor-element elementor-element-a4bc3ca elementor-widget elementor-widget-text-editor\" data-id=\"a4bc3ca\" data-element_type=\"widget\" data-e-type=\"widget\" data-widget_type=\"text-editor.default\">\n\t\t\t\t<div class=\"elementor-widget-container\">\n\t\t\t\t\t\t\t\t\t<p>Kitchen<\/p>\t\t\t\t\t\t\t\t<\/div>\n\t\t\t\t<\/div>\n\t\t\t\t\t<\/div>\n\t\t<\/div>\n\t\t\t\t<div class=\"elementor-column elementor-col-50 elementor-top-column elementor-element elementor-element-78db036\" data-id=\"78db036\" data-element_type=\"column\" data-e-type=\"column\">\n\t\t\t<div class=\"elementor-widget-wrap elementor-element-populated\">\n\t\t\t\t\t\t<div class=\"elementor-element elementor-element-23d354a elementor-widget__width-initial elementor-widget elementor-widget-text-editor\" data-id=\"23d354a\" data-element_type=\"widget\" data-e-type=\"widget\" data-widget_type=\"text-editor.default\">\n\t\t\t\t<div class=\"elementor-widget-container\">\n\t\t\t\t\t\t\t\t\t<p><span style=\"text-decoration: underline;\"><strong>Household appliances <\/strong><\/span><\/p><p>Refrigerator, microwave, electric oven, induction hob, toaster, coffee maker, kettle, electric grill, dishwasher, washing machine<\/p><p><span style=\"text-decoration: underline;\"><strong>Other kitchen equipment<\/strong><\/span><\/p><p>Crockery and cutlery for 8 people, allowing residents to invite up to four people for lunch or dinner<\/p><p>Pots, pans and various utensils (detailed list provided during inventory)<\/p><p><span style=\"text-decoration: underline;\"><strong>Miscellaneous<\/strong><\/span><\/p><p>Broom, dustpan, 15 litres dustbin\u00a0 <strong>15<\/strong> litres<\/p>\t\t\t\t\t\t\t\t<\/div>\n\t\t\t\t<\/div>\n\t\t\t\t\t<\/div>\n\t\t<\/div>\n\t\t\t\t\t<\/div>\n\t\t<\/section>\n\t\t\t\t<section class=\"elementor-section elementor-top-section elementor-element elementor-element-ba71c22 elementor-section-boxed elementor-section-height-default elementor-section-height-default\" data-id=\"ba71c22\" data-element_type=\"section\" data-e-type=\"section\">\n\t\t\t\t\t\t<div class=\"elementor-container elementor-column-gap-default\">\n\t\t\t\t\t<div class=\"elementor-column elementor-col-50 elementor-top-column elementor-element elementor-element-f25c291\" data-id=\"f25c291\" data-element_type=\"column\" data-e-type=\"column\">\n\t\t\t<div class=\"elementor-widget-wrap elementor-element-populated\">\n\t\t\t\t\t\t<div class=\"elementor-element elementor-element-3c515e0 elementor-widget elementor-widget-text-editor\" data-id=\"3c515e0\" data-element_type=\"widget\" data-e-type=\"widget\" data-widget_type=\"text-editor.default\">\n\t\t\t\t<div class=\"elementor-widget-container\">\n\t\t\t\t\t\t\t\t\t<p><span style=\"text-decoration: underline;\"><strong>Living room<\/strong><\/span><\/p>\t\t\t\t\t\t\t\t<\/div>\n\t\t\t\t<\/div>\n\t\t\t\t\t<\/div>\n\t\t<\/div>\n\t\t\t\t<div class=\"elementor-column elementor-col-50 elementor-top-column elementor-element elementor-element-cb21e05\" data-id=\"cb21e05\" data-element_type=\"column\" data-e-type=\"column\">\n\t\t\t<div class=\"elementor-widget-wrap elementor-element-populated\">\n\t\t\t\t\t\t<div class=\"elementor-element elementor-element-aef1178 elementor-widget__width-initial elementor-widget elementor-widget-text-editor\" data-id=\"aef1178\" data-element_type=\"widget\" data-e-type=\"widget\" data-widget_type=\"text-editor.default\">\n\t\t\t\t<div class=\"elementor-widget-container\">\n\t\t\t\t\t\t\t\t\t<p>Television connected to Bbox, Wifi<\/p>\t\t\t\t\t\t\t\t<\/div>\n\t\t\t\t<\/div>\n\t\t\t\t\t<\/div>\n\t\t<\/div>\n\t\t\t\t\t<\/div>\n\t\t<\/section>\n\t\t\t\t<section class=\"elementor-section elementor-top-section elementor-element elementor-element-d19ef75 elementor-section-boxed elementor-section-height-default elementor-section-height-default\" data-id=\"d19ef75\" data-element_type=\"section\" data-e-type=\"section\">\n\t\t\t\t\t\t<div class=\"elementor-container elementor-column-gap-default\">\n\t\t\t\t\t<div class=\"elementor-column elementor-col-50 elementor-top-column elementor-element elementor-element-f5b8a24\" data-id=\"f5b8a24\" data-element_type=\"column\" data-e-type=\"column\">\n\t\t\t<div class=\"elementor-widget-wrap elementor-element-populated\">\n\t\t\t\t\t\t<div class=\"elementor-element elementor-element-7618164 elementor-widget__width-initial elementor-widget elementor-widget-text-editor\" data-id=\"7618164\" data-element_type=\"widget\" data-e-type=\"widget\" data-widget_type=\"text-editor.default\">\n\t\t\t\t<div class=\"elementor-widget-container\">\n\t\t\t\t\t\t\t\t\t<p>Rooms<\/p>\t\t\t\t\t\t\t\t<\/div>\n\t\t\t\t<\/div>\n\t\t\t\t\t<\/div>\n\t\t<\/div>\n\t\t\t\t<div class=\"elementor-column elementor-col-50 elementor-top-column elementor-element elementor-element-ce856ba\" data-id=\"ce856ba\" data-element_type=\"column\" data-e-type=\"column\">\n\t\t\t<div class=\"elementor-widget-wrap elementor-element-populated\">\n\t\t\t\t\t\t<div class=\"elementor-element elementor-element-1c9683d elementor-widget__width-initial elementor-widget elementor-widget-text-editor\" data-id=\"1c9683d\" data-element_type=\"widget\" data-e-type=\"widget\" data-widget_type=\"text-editor.default\">\n\t\t\t\t<div class=\"elementor-widget-container\">\n\t\t\t\t\t\t\t\t\t<p>hair dryer<\/p>\t\t\t\t\t\t\t\t<\/div>\n\t\t\t\t<\/div>\n\t\t\t\t\t<\/div>\n\t\t<\/div>\n\t\t\t\t\t<\/div>\n\t\t<\/section>\n\t\t\t\t<section class=\"elementor-section elementor-top-section elementor-element elementor-element-b6b203d elementor-section-boxed elementor-section-height-default elementor-section-height-default\" data-id=\"b6b203d\" data-element_type=\"section\" data-e-type=\"section\">\n\t\t\t\t\t\t<div class=\"elementor-container elementor-column-gap-default\">\n\t\t\t\t\t<div class=\"elementor-column elementor-col-50 elementor-top-column elementor-element elementor-element-722844a\" data-id=\"722844a\" data-element_type=\"column\" data-e-type=\"column\">\n\t\t\t<div class=\"elementor-widget-wrap elementor-element-populated\">\n\t\t\t\t\t\t<div class=\"elementor-element elementor-element-dcfcba4 elementor-widget elementor-widget-text-editor\" data-id=\"dcfcba4\" data-element_type=\"widget\" data-e-type=\"widget\" data-widget_type=\"text-editor.default\">\n\t\t\t\t<div class=\"elementor-widget-container\">\n\t\t\t\t\t\t\t\t\t<p><span style=\"text-decoration: underline;\">Relaxation area<\/span><\/p>\t\t\t\t\t\t\t\t<\/div>\n\t\t\t\t<\/div>\n\t\t\t\t\t<\/div>\n\t\t<\/div>\n\t\t\t\t<div class=\"elementor-column elementor-col-50 elementor-top-column elementor-element elementor-element-0ad77a9\" data-id=\"0ad77a9\" data-element_type=\"column\" data-e-type=\"column\">\n\t\t\t<div class=\"elementor-widget-wrap elementor-element-populated\">\n\t\t\t\t\t\t<div class=\"elementor-element elementor-element-2ed41b6 elementor-widget elementor-widget-text-editor\" data-id=\"2ed41b6\" data-element_type=\"widget\" data-e-type=\"widget\" data-widget_type=\"text-editor.default\">\n\t\t\t\t<div class=\"elementor-widget-container\">\n\t\t\t\t\t\t\t\t\t<p>Swimming pool (3.30 m by 6 m). Counter-current swimming<\/p><p>Outdoor shower, toilet<\/p><p>Teak table and seats<\/p><p>Coffee table, 3-seater sofa, various seats<\/p><p>3 sun loungers<\/p>\t\t\t\t\t\t\t\t<\/div>\n\t\t\t\t<\/div>\n\t\t\t\t\t<\/div>\n\t\t<\/div>\n\t\t\t\t\t<\/div>\n\t\t<\/section>\n\t\t\t\t<\/div>","protected":false},"excerpt":{"rendered":"<p>Cuisine Electrom\u00e9nager R\u00e9frig\u00e9rateur, four \u00e0 micro-ondes, four \u00e9lectrique, plaques \u00e0 induction, grille-pain, cafeti\u00e8re, bouilloire, grill \u00e9lectrique, lave-vaisselle, machine \u00e0 laver le linge Autres \u00e9quipements de cuisine Vaisselle et couverts pour 8 personnes, ce qui permet aux r\u00e9sidents d&rsquo;inviter jusqu&rsquo;\u00e0 quatre personnes pour le d\u00e9jeuner ou le d\u00eener Casseroles, po\u00eale et divers ustensiles (liste d\u00e9taill\u00e9e fournie [&hellip;]<\/p>","protected":false},"author":1,"featured_media":0,"parent":0,"menu_order":0,"comment_status":"closed","ping_status":"closed","template":"","meta":{"ocean_post_layout":"","ocean_both_sidebars_style":"","ocean_both_sidebars_content_width":0,"ocean_both_sidebars_sidebars_width":0,"ocean_sidebar":"","ocean_second_sidebar":"","ocean_disable_margins":"enable","ocean_add_body_class":"","ocean_shortcode_before_top_bar":"","ocean_shortcode_after_top_bar":"","ocean_shortcode_before_header":"","ocean_shortcode_after_header":"","ocean_has_shortcode":"","ocean_shortcode_after_title":"","ocean_shortcode_before_footer_widgets":"","ocean_shortcode_after_footer_widgets":"","ocean_shortcode_before_footer_bottom":"","ocean_shortcode_after_footer_bottom":"","ocean_display_top_bar":"default","ocean_display_header":"default","ocean_header_style":"","ocean_center_header_left_menu":"","ocean_custom_header_template":"","ocean_custom_logo":0,"ocean_custom_retina_logo":0,"ocean_custom_logo_max_width":0,"ocean_custom_logo_tablet_max_width":0,"ocean_custom_logo_mobile_max_width":0,"ocean_custom_logo_max_height":0,"ocean_custom_logo_tablet_max_height":0,"ocean_custom_logo_mobile_max_height":0,"ocean_header_custom_menu":"","ocean_menu_typo_font_family":"","ocean_menu_typo_font_subset":"","ocean_menu_typo_font_size":0,"ocean_menu_typo_font_size_tablet":0,"ocean_menu_typo_font_size_mobile":0,"ocean_menu_typo_font_size_unit":"px","ocean_menu_typo_font_weight":"","ocean_menu_typo_font_weight_tablet":"","ocean_menu_typo_font_weight_mobile":"","ocean_menu_typo_transform":"","ocean_menu_typo_transform_tablet":"","ocean_menu_typo_transform_mobile":"","ocean_menu_typo_line_height":0,"ocean_menu_typo_line_height_tablet":0,"ocean_menu_typo_line_height_mobile":0,"ocean_menu_typo_line_height_unit":"","ocean_menu_typo_spacing":0,"ocean_menu_typo_spacing_tablet":0,"ocean_menu_typo_spacing_mobile":0,"ocean_menu_typo_spacing_unit":"","ocean_menu_link_color":"","ocean_menu_link_color_hover":"","ocean_menu_link_color_active":"","ocean_menu_link_background":"","ocean_menu_link_hover_background":"","ocean_menu_link_active_background":"","ocean_menu_social_links_bg":"","ocean_menu_social_hover_links_bg":"","ocean_menu_social_links_color":"","ocean_menu_social_hover_links_color":"","ocean_disable_title":"default","ocean_disable_heading":"default","ocean_post_title":"","ocean_post_subheading":"","ocean_post_title_style":"","ocean_post_title_background_color":"","ocean_post_title_background":0,"ocean_post_title_bg_image_position":"","ocean_post_title_bg_image_attachment":"","ocean_post_title_bg_image_repeat":"","ocean_post_title_bg_image_size":"","ocean_post_title_height":0,"ocean_post_title_bg_overlay":0.5,"ocean_post_title_bg_overlay_color":"","ocean_disable_breadcrumbs":"default","ocean_breadcrumbs_color":"","ocean_breadcrumbs_separator_color":"","ocean_breadcrumbs_links_color":"","ocean_breadcrumbs_links_hover_color":"","ocean_display_footer_widgets":"default","ocean_display_footer_bottom":"default","ocean_custom_footer_template":"","footnotes":""},"class_list":["post-27","page","type-page","status-publish","hentry","entry","owp-thumbs-layout-horizontal","owp-btn-big","owp-tabs-layout-section","has-no-thumbnails","has-product-nav"],"yoast_head":"<!-- This site is optimized with the Yoast SEO plugin v27.5 - https:\/\/yoast.com\/product\/yoast-seo-wordpress\/ -->\n<title>Liste des \u00e9quipements - G\u00eete de la Coll\u00e9giale<\/title>\n<meta name=\"robots\" content=\"index, follow, max-snippet:-1, max-image-preview:large, max-video-preview:-1\" \/>\n<link rel=\"canonical\" href=\"https:\/\/www.gite-canal-midi.com\/en\/liste-des-equipements\/\" \/>\n<meta property=\"og:locale\" content=\"en_GB\" \/>\n<meta property=\"og:type\" content=\"article\" \/>\n<meta property=\"og:title\" content=\"Liste des \u00e9quipements - G\u00eete de la Coll\u00e9giale\" \/>\n<meta property=\"og:description\" content=\"Cuisine Electrom\u00e9nager R\u00e9frig\u00e9rateur, four \u00e0 micro-ondes, four \u00e9lectrique, plaques \u00e0 induction, grille-pain, cafeti\u00e8re, bouilloire, grill \u00e9lectrique, lave-vaisselle, machine \u00e0 laver le linge Autres \u00e9quipements de cuisine Vaisselle et couverts pour 8 personnes, ce qui permet aux r\u00e9sidents d&rsquo;inviter jusqu&rsquo;\u00e0 quatre personnes pour le d\u00e9jeuner ou le d\u00eener Casseroles, po\u00eale et divers ustensiles (liste d\u00e9taill\u00e9e fournie [&hellip;]\" \/>\n<meta property=\"og:url\" content=\"https:\/\/www.gite-canal-midi.com\/en\/liste-des-equipements\/\" \/>\n<meta property=\"og:site_name\" content=\"G\u00eete de la Coll\u00e9giale\" \/>\n<meta property=\"article:modified_time\" content=\"2025-03-03T13:31:38+00:00\" \/>\n<meta name=\"twitter:card\" content=\"summary_large_image\" \/>\n<script type=\"application\/ld+json\" class=\"yoast-schema-graph\">{\"@context\":\"https:\\\/\\\/schema.org\",\"@graph\":[{\"@type\":\"WebPage\",\"@id\":\"https:\\\/\\\/www.gite-canal-midi.com\\\/liste-des-equipements\\\/\",\"url\":\"https:\\\/\\\/www.gite-canal-midi.com\\\/liste-des-equipements\\\/\",\"name\":\"Liste des \u00e9quipements - G\u00eete de la Coll\u00e9giale\",\"isPartOf\":{\"@id\":\"https:\\\/\\\/www.gite-canal-midi.com\\\/#website\"},\"datePublished\":\"2025-02-09T14:48:43+00:00\",\"dateModified\":\"2025-03-03T13:31:38+00:00\",\"breadcrumb\":{\"@id\":\"https:\\\/\\\/www.gite-canal-midi.com\\\/liste-des-equipements\\\/#breadcrumb\"},\"inLanguage\":\"en-GB\",\"potentialAction\":[{\"@type\":\"ReadAction\",\"target\":[\"https:\\\/\\\/www.gite-canal-midi.com\\\/liste-des-equipements\\\/\"]}]},{\"@type\":\"BreadcrumbList\",\"@id\":\"https:\\\/\\\/www.gite-canal-midi.com\\\/liste-des-equipements\\\/#breadcrumb\",\"itemListElement\":[{\"@type\":\"ListItem\",\"position\":1,\"name\":\"Accueil\",\"item\":\"https:\\\/\\\/www.gite-canal-midi.com\\\/\"},{\"@type\":\"ListItem\",\"position\":2,\"name\":\"Liste des \u00e9quipements\"}]},{\"@type\":\"WebSite\",\"@id\":\"https:\\\/\\\/www.gite-canal-midi.com\\\/#website\",\"url\":\"https:\\\/\\\/www.gite-canal-midi.com\\\/\",\"name\":\"G\u00eete de la Coll\u00e9giale\",\"description\":\"Un g\u00eete de charme et d&#039;authenticit\u00e9\",\"publisher\":{\"@id\":\"https:\\\/\\\/www.gite-canal-midi.com\\\/#organization\"},\"potentialAction\":[{\"@type\":\"SearchAction\",\"target\":{\"@type\":\"EntryPoint\",\"urlTemplate\":\"https:\\\/\\\/www.gite-canal-midi.com\\\/?s={search_term_string}\"},\"query-input\":{\"@type\":\"PropertyValueSpecification\",\"valueRequired\":true,\"valueName\":\"search_term_string\"}}],\"inLanguage\":\"en-GB\"},{\"@type\":\"Organization\",\"@id\":\"https:\\\/\\\/www.gite-canal-midi.com\\\/#organization\",\"name\":\"G\u00eete de la Coll\u00e9giale\",\"url\":\"https:\\\/\\\/www.gite-canal-midi.com\\\/\",\"logo\":{\"@type\":\"ImageObject\",\"inLanguage\":\"en-GB\",\"@id\":\"https:\\\/\\\/www.gite-canal-midi.com\\\/#\\\/schema\\\/logo\\\/image\\\/\",\"url\":\"https:\\\/\\\/i0.wp.com\\\/www.gite-canal-midi.com\\\/wp-content\\\/uploads\\\/2025\\\/02\\\/cropped-Logo-gite-de-la-Collegiale-3.png?fit=1078%2C296&ssl=1\",\"contentUrl\":\"https:\\\/\\\/i0.wp.com\\\/www.gite-canal-midi.com\\\/wp-content\\\/uploads\\\/2025\\\/02\\\/cropped-Logo-gite-de-la-Collegiale-3.png?fit=1078%2C296&ssl=1\",\"width\":1078,\"height\":296,\"caption\":\"G\u00eete de la Coll\u00e9giale\"},\"image\":{\"@id\":\"https:\\\/\\\/www.gite-canal-midi.com\\\/#\\\/schema\\\/logo\\\/image\\\/\"}}]}<\/script>\n<!-- \/ Yoast SEO plugin. -->","yoast_head_json":{"title":"Liste des \u00e9quipements - G\u00eete de la Coll\u00e9giale","robots":{"index":"index","follow":"follow","max-snippet":"max-snippet:-1","max-image-preview":"max-image-preview:large","max-video-preview":"max-video-preview:-1"},"canonical":"https:\/\/www.gite-canal-midi.com\/en\/liste-des-equipements\/","og_locale":"en_GB","og_type":"article","og_title":"Liste des \u00e9quipements - G\u00eete de la Coll\u00e9giale","og_description":"Cuisine Electrom\u00e9nager R\u00e9frig\u00e9rateur, four \u00e0 micro-ondes, four \u00e9lectrique, plaques \u00e0 induction, grille-pain, cafeti\u00e8re, bouilloire, grill \u00e9lectrique, lave-vaisselle, machine \u00e0 laver le linge Autres \u00e9quipements de cuisine Vaisselle et couverts pour 8 personnes, ce qui permet aux r\u00e9sidents d&rsquo;inviter jusqu&rsquo;\u00e0 quatre personnes pour le d\u00e9jeuner ou le d\u00eener Casseroles, po\u00eale et divers ustensiles (liste d\u00e9taill\u00e9e fournie [&hellip;]","og_url":"https:\/\/www.gite-canal-midi.com\/en\/liste-des-equipements\/","og_site_name":"G\u00eete de la Coll\u00e9giale","article_modified_time":"2025-03-03T13:31:38+00:00","twitter_card":"summary_large_image","schema":{"@context":"https:\/\/schema.org","@graph":[{"@type":"WebPage","@id":"https:\/\/www.gite-canal-midi.com\/liste-des-equipements\/","url":"https:\/\/www.gite-canal-midi.com\/liste-des-equipements\/","name":"Liste des \u00e9quipements - G\u00eete de la Coll\u00e9giale","isPartOf":{"@id":"https:\/\/www.gite-canal-midi.com\/#website"},"datePublished":"2025-02-09T14:48:43+00:00","dateModified":"2025-03-03T13:31:38+00:00","breadcrumb":{"@id":"https:\/\/www.gite-canal-midi.com\/liste-des-equipements\/#breadcrumb"},"inLanguage":"en-GB","potentialAction":[{"@type":"ReadAction","target":["https:\/\/www.gite-canal-midi.com\/liste-des-equipements\/"]}]},{"@type":"BreadcrumbList","@id":"https:\/\/www.gite-canal-midi.com\/liste-des-equipements\/#breadcrumb","itemListElement":[{"@type":"ListItem","position":1,"name":"Accueil","item":"https:\/\/www.gite-canal-midi.com\/"},{"@type":"ListItem","position":2,"name":"Liste des \u00e9quipements"}]},{"@type":"WebSite","@id":"https:\/\/www.gite-canal-midi.com\/#website","url":"https:\/\/www.gite-canal-midi.com\/","name":"G\u00eete de la Coll\u00e9giale","description":"Un g\u00eete de charme et d&#039;authenticit\u00e9","publisher":{"@id":"https:\/\/www.gite-canal-midi.com\/#organization"},"potentialAction":[{"@type":"SearchAction","target":{"@type":"EntryPoint","urlTemplate":"https:\/\/www.gite-canal-midi.com\/?s={search_term_string}"},"query-input":{"@type":"PropertyValueSpecification","valueRequired":true,"valueName":"search_term_string"}}],"inLanguage":"en-GB"},{"@type":"Organization","@id":"https:\/\/www.gite-canal-midi.com\/#organization","name":"G\u00eete de la Coll\u00e9giale","url":"https:\/\/www.gite-canal-midi.com\/","logo":{"@type":"ImageObject","inLanguage":"en-GB","@id":"https:\/\/www.gite-canal-midi.com\/#\/schema\/logo\/image\/","url":"https:\/\/i0.wp.com\/www.gite-canal-midi.com\/wp-content\/uploads\/2025\/02\/cropped-Logo-gite-de-la-Collegiale-3.png?fit=1078%2C296&ssl=1","contentUrl":"https:\/\/i0.wp.com\/www.gite-canal-midi.com\/wp-content\/uploads\/2025\/02\/cropped-Logo-gite-de-la-Collegiale-3.png?fit=1078%2C296&ssl=1","width":1078,"height":296,"caption":"G\u00eete de la Coll\u00e9giale"},"image":{"@id":"https:\/\/www.gite-canal-midi.com\/#\/schema\/logo\/image\/"}}]}},"jetpack_sharing_enabled":true,"_links":{"self":[{"href":"https:\/\/www.gite-canal-midi.com\/en\/wp-json\/wp\/v2\/pages\/27","targetHints":{"allow":["GET"]}}],"collection":[{"href":"https:\/\/www.gite-canal-midi.com\/en\/wp-json\/wp\/v2\/pages"}],"about":[{"href":"https:\/\/www.gite-canal-midi.com\/en\/wp-json\/wp\/v2\/types\/page"}],"author":[{"embeddable":true,"href":"https:\/\/www.gite-canal-midi.com\/en\/wp-json\/wp\/v2\/users\/1"}],"replies":[{"embeddable":true,"href":"https:\/\/www.gite-canal-midi.com\/en\/wp-json\/wp\/v2\/comments?post=27"}],"version-history":[{"count":52,"href":"https:\/\/www.gite-canal-midi.com\/en\/wp-json\/wp\/v2\/pages\/27\/revisions"}],"predecessor-version":[{"id":1182,"href":"https:\/\/www.gite-canal-midi.com\/en\/wp-json\/wp\/v2\/pages\/27\/revisions\/1182"}],"wp:attachment":[{"href":"https:\/\/www.gite-canal-midi.com\/en\/wp-json\/wp\/v2\/media?parent=27"}],"curies":[{"name":"wp","href":"https:\/\/api.w.org\/{rel}","templated":true}]}}