{"id":21,"date":"2025-02-09T14:47:27","date_gmt":"2025-02-09T14:47:27","guid":{"rendered":"https:\/\/www.gite-canal-midi.com\/?page_id=21"},"modified":"2025-03-19T22:19:33","modified_gmt":"2025-03-19T22:19:33","slug":"la-cuisine-et-la-salle-a-manger","status":"publish","type":"page","link":"https:\/\/www.gite-canal-midi.com\/en\/la-cuisine-et-la-salle-a-manger\/","title":{"rendered":"Kitchen and dining room"},"content":{"rendered":"<div data-elementor-type=\"wp-page\" data-elementor-id=\"21\" class=\"elementor elementor-21\">\n\t\t\t\t\t\t<section class=\"elementor-section elementor-top-section elementor-element elementor-element-e50e444 elementor-section-boxed elementor-section-height-default elementor-section-height-default\" data-id=\"e50e444\" data-element_type=\"section\" data-e-type=\"section\">\n\t\t\t\t\t\t<div class=\"elementor-container elementor-column-gap-default\">\n\t\t\t\t\t<div class=\"elementor-column elementor-col-100 elementor-top-column elementor-element elementor-element-dc44a75\" data-id=\"dc44a75\" data-element_type=\"column\" data-e-type=\"column\">\n\t\t\t<div class=\"elementor-widget-wrap elementor-element-populated\">\n\t\t\t\t\t\t<div class=\"elementor-element elementor-element-86293c6 elementor-widget elementor-widget-text-editor\" data-id=\"86293c6\" data-element_type=\"widget\" data-e-type=\"widget\" data-widget_type=\"text-editor.default\">\n\t\t\t\t<div class=\"elementor-widget-container\">\n\t\t\t\t\t\t\t\t\t<p>From the entrance, you can glimpse the kitchen through a mashrabiya of Indian origin. Fully equipped, it was designed in a room that was once a coal bunker, whose vaulted ceiling deserved to be highlighted.<br \/>The dining room, a beautiful room lit by a workshop-style transom window offering a view of the patio, leads to the kitchen, a small pantry, the living room, and the staircase leading to the bedrooms. This room, once very rudimentary, housed seasonal workers for field work. The old fireplace has lost its purpose in serving the kitchen to accommodate a washing machine and dishwasher.<\/p>\t\t\t\t\t\t\t\t<\/div>\n\t\t\t\t<\/div>\n\t\t\t\t\t<\/div>\n\t\t<\/div>\n\t\t\t\t\t<\/div>\n\t\t<\/section>\n\t\t\t\t<section class=\"elementor-section elementor-top-section elementor-element elementor-element-c05ab09 elementor-section-boxed elementor-section-height-default elementor-section-height-default\" data-id=\"c05ab09\" data-element_type=\"section\" data-e-type=\"section\">\n\t\t\t\t\t\t<div class=\"elementor-container elementor-column-gap-default\">\n\t\t\t\t\t<div class=\"elementor-column elementor-col-100 elementor-top-column elementor-element elementor-element-a71450a\" data-id=\"a71450a\" data-element_type=\"column\" data-e-type=\"column\">\n\t\t\t<div class=\"elementor-widget-wrap elementor-element-populated\">\n\t\t\t\t\t\t<div class=\"elementor-element elementor-element-0a6d03d elementor-arrows-position-outside elementor-pagination-position-outside elementor-widget elementor-widget-image-carousel\" data-id=\"0a6d03d\" data-element_type=\"widget\" data-e-type=\"widget\" data-settings=\"{&quot;slides_to_show&quot;:&quot;3&quot;,&quot;slides_to_scroll&quot;:&quot;1&quot;,&quot;image_spacing_custom&quot;:{&quot;unit&quot;:&quot;px&quot;,&quot;size&quot;:11,&quot;sizes&quot;:[]},&quot;navigation&quot;:&quot;both&quot;,&quot;autoplay&quot;:&quot;yes&quot;,&quot;pause_on_hover&quot;:&quot;yes&quot;,&quot;pause_on_interaction&quot;:&quot;yes&quot;,&quot;autoplay_speed&quot;:5000,&quot;infinite&quot;:&quot;yes&quot;,&quot;speed&quot;:500,&quot;image_spacing_custom_tablet&quot;:{&quot;unit&quot;:&quot;px&quot;,&quot;size&quot;:&quot;&quot;,&quot;sizes&quot;:[]},&quot;image_spacing_custom_mobile&quot;:{&quot;unit&quot;:&quot;px&quot;,&quot;size&quot;:&quot;&quot;,&quot;sizes&quot;:[]}}\" data-widget_type=\"image-carousel.default\">\n\t\t\t\t<div class=\"elementor-widget-container\">\n\t\t\t\t\t\t\t<div class=\"elementor-image-carousel-wrapper swiper\" role=\"region\" aria-roledescription=\"carousel\" aria-label=\"Carrousel d\u2019images\" dir=\"ltr\">\n\t\t\t<div class=\"elementor-image-carousel swiper-wrapper\" aria-live=\"off\">\n\t\t\t\t\t\t\t\t<div class=\"swiper-slide\" role=\"group\" aria-roledescription=\"slide\" aria-label=\"1 sur 11\"><figure class=\"swiper-slide-inner\"><img decoding=\"async\" class=\"swiper-slide-image\" src=\"https:\/\/i0.wp.com\/www.gite-canal-midi.com\/wp-content\/uploads\/2025\/02\/IMG_6790-scaled.jpg?fit=1024%2C683&amp;ssl=1\" alt=\"La cuisine depuis l&#039;entr\u00e9e principale\" \/><figcaption class=\"elementor-image-carousel-caption\">The kitchen from the main entrance<\/figcaption><\/figure><\/div><div class=\"swiper-slide\" role=\"group\" aria-roledescription=\"slide\" aria-label=\"2 sur 11\"><figure class=\"swiper-slide-inner\"><img decoding=\"async\" class=\"swiper-slide-image\" src=\"https:\/\/i0.wp.com\/www.gite-canal-midi.com\/wp-content\/uploads\/2025\/03\/Cuisine-1-scaled.jpg?fit=683%2C1024&amp;ssl=1\" alt=\"Vue macro du moucharabieh\" \/><figcaption class=\"elementor-image-carousel-caption\">Macro view of the mashrabiya<\/figcaption><\/figure><\/div><div class=\"swiper-slide\" role=\"group\" aria-roledescription=\"slide\" aria-label=\"3 sur 11\"><figure class=\"swiper-slide-inner\"><img decoding=\"async\" class=\"swiper-slide-image\" src=\"https:\/\/i0.wp.com\/www.gite-canal-midi.com\/wp-content\/uploads\/2025\/03\/IMG_6789-scaled.jpg?fit=683%2C1024&amp;ssl=1\" alt=\"La salle \u00e0 manger depuis le sas d&#039;entr\u00e9e\" \/><figcaption class=\"elementor-image-carousel-caption\">The dining room from the entrance hall<\/figcaption><\/figure><\/div><div class=\"swiper-slide\" role=\"group\" aria-roledescription=\"slide\" aria-label=\"4 sur 11\"><figure class=\"swiper-slide-inner\"><img decoding=\"async\" class=\"swiper-slide-image\" src=\"https:\/\/i0.wp.com\/www.gite-canal-midi.com\/wp-content\/uploads\/2025\/02\/IMG_6781-scaled.jpg?fit=1024%2C683&amp;ssl=1\" alt=\"La table de ferme et ses bancs, l&#039;ancienne chemin\u00e9e et le gros \u00e9lectrom\u00e9nager masqu\u00e9 par un rideau de lin\" \/><figcaption class=\"elementor-image-carousel-caption\">The farmhouse table and its benches, the old fireplace and the large household appliances hidden by a linen curtain<\/figcaption><\/figure><\/div><div class=\"swiper-slide\" role=\"group\" aria-roledescription=\"slide\" aria-label=\"5 sur 11\"><figure class=\"swiper-slide-inner\"><img decoding=\"async\" class=\"swiper-slide-image\" src=\"https:\/\/i0.wp.com\/www.gite-canal-midi.com\/wp-content\/uploads\/2025\/03\/Cuisine-3-scaled.jpg?fit=683%2C1024&amp;ssl=1\" alt=\"Le sas d&#039;entr\u00e9e depuis la cuisine \u00e0 travers le moucharabieh\" \/><figcaption class=\"elementor-image-carousel-caption\">The entrance hall from the kitchen through the mashrabiya<\/figcaption><\/figure><\/div><div class=\"swiper-slide\" role=\"group\" aria-roledescription=\"slide\" aria-label=\"6 sur 11\"><figure class=\"swiper-slide-inner\"><img decoding=\"async\" class=\"swiper-slide-image\" src=\"https:\/\/i0.wp.com\/www.gite-canal-midi.com\/wp-content\/uploads\/2025\/03\/Cuisine-4-scaled.jpg?fit=683%2C1024&amp;ssl=1\" alt=\"La cuisine \u00e9quip\u00e9e et sa cr\u00e9dence en carreaux de ciment\" \/><figcaption class=\"elementor-image-carousel-caption\">The fitted kitchen and its cement tile splashback<\/figcaption><\/figure><\/div><div class=\"swiper-slide\" role=\"group\" aria-roledescription=\"slide\" aria-label=\"7 sur 11\"><figure class=\"swiper-slide-inner\"><img decoding=\"async\" class=\"swiper-slide-image\" src=\"https:\/\/i0.wp.com\/www.gite-canal-midi.com\/wp-content\/uploads\/2025\/02\/Salle-a-manger-5-scaled.jpg?fit=683%2C1024&amp;ssl=1\" alt=\"Depuis la cuisine, l&#039;escalier au fond \u00e0 gauche, le salon au fond au centre et le patio \u00e0 droite. Une petite fen\u00eatre apporte de la lumi\u00e8re \u00e0 une petite pi\u00e8ce situ\u00e9e entre les deux \u00e9tages qui peut servir \u00e0 stocker les bagages\" \/><figcaption class=\"elementor-image-carousel-caption\">From the kitchen, the staircase at the back left, the living room at the back center, and the patio on the right. A small window brings light into a small room located between the two floors that can be used to store luggage.<\/figcaption><\/figure><\/div><div class=\"swiper-slide\" role=\"group\" aria-roledescription=\"slide\" aria-label=\"8 sur 11\"><figure class=\"swiper-slide-inner\"><img decoding=\"async\" class=\"swiper-slide-image\" src=\"https:\/\/i0.wp.com\/www.gite-canal-midi.com\/wp-content\/uploads\/2025\/03\/Escalier-bas-scaled.jpg?fit=683%2C1024&amp;ssl=1\" alt=\"Le meuble de rangement \u00e0 gauche de l&#039;escalier qui dessert les deux chambres\" \/><figcaption class=\"elementor-image-carousel-caption\">The storage unit to the left of the staircase which serves the two bedrooms<\/figcaption><\/figure><\/div><div class=\"swiper-slide\" role=\"group\" aria-roledescription=\"slide\" aria-label=\"9 sur 11\"><figure class=\"swiper-slide-inner\"><img decoding=\"async\" class=\"swiper-slide-image\" src=\"https:\/\/i0.wp.com\/www.gite-canal-midi.com\/wp-content\/uploads\/2025\/03\/IMG_6788-scaled.jpg?fit=683%2C1024&amp;ssl=1\" alt=\"Le sas d&#039;entr\u00e9e depuis la salle \u00e0 manger et la porte du garde-manger sous l&#039;escalier\" \/><figcaption class=\"elementor-image-carousel-caption\">The entrance hall from the dining room and the pantry door under the stairs<\/figcaption><\/figure><\/div><div class=\"swiper-slide\" role=\"group\" aria-roledescription=\"slide\" aria-label=\"10 sur 11\"><figure class=\"swiper-slide-inner\"><img decoding=\"async\" class=\"swiper-slide-image\" src=\"https:\/\/i0.wp.com\/www.gite-canal-midi.com\/wp-content\/uploads\/2025\/03\/Pieds-de-lit-terre-cuite-Mali.jpeg?fit=768%2C1024&amp;ssl=1\" alt=\"Pieds de lit en terre cuite\" \/><figcaption class=\"elementor-image-carousel-caption\">Terracotta Malian bed legs<\/figcaption><\/figure><\/div><div class=\"swiper-slide\" role=\"group\" aria-roledescription=\"slide\" aria-label=\"11 sur 11\"><figure class=\"swiper-slide-inner\"><img decoding=\"async\" class=\"swiper-slide-image\" src=\"https:\/\/i0.wp.com\/www.gite-canal-midi.com\/wp-content\/uploads\/2025\/03\/tableau-Bresil.jpeg?fit=1024%2C768&amp;ssl=1\" alt=\"Sculptures bois, Br\u00e9sil\" \/><figcaption class=\"elementor-image-carousel-caption\">Wooden sculptures, Brazil<\/figcaption><\/figure><\/div>\t\t\t<\/div>\n\t\t\t\t\t\t\t\t\t\t\t\t<div class=\"elementor-swiper-button elementor-swiper-button-prev\" role=\"button\" tabindex=\"0\">\n\t\t\t\t\t\t<svg aria-hidden=\"true\" class=\"e-font-icon-svg e-eicon-chevron-left\" viewbox=\"0 0 1000 1000\" xmlns=\"http:\/\/www.w3.org\/2000\/svg\"><path d=\"M646 125C629 125 613 133 604 142L308 442C296 454 292 471 292 487 292 504 296 521 308 533L604 854C617 867 629 875 646 875 663 875 679 871 692 858 704 846 713 829 713 812 713 796 708 779 692 767L438 487 692 225C700 217 708 204 708 187 708 171 704 154 692 142 675 129 663 125 646 125Z\"><\/path><\/svg>\t\t\t\t\t<\/div>\n\t\t\t\t\t<div class=\"elementor-swiper-button elementor-swiper-button-next\" role=\"button\" tabindex=\"0\">\n\t\t\t\t\t\t<svg aria-hidden=\"true\" class=\"e-font-icon-svg e-eicon-chevron-right\" viewbox=\"0 0 1000 1000\" xmlns=\"http:\/\/www.w3.org\/2000\/svg\"><path d=\"M696 533C708 521 713 504 713 487 713 471 708 454 696 446L400 146C388 133 375 125 354 125 338 125 325 129 313 142 300 154 292 171 292 187 292 204 296 221 308 233L563 492 304 771C292 783 288 800 288 817 288 833 296 850 308 863 321 871 338 875 354 875 371 875 388 867 400 854L696 533Z\"><\/path><\/svg>\t\t\t\t\t<\/div>\n\t\t\t\t\n\t\t\t\t\t\t\t\t\t<div class=\"swiper-pagination\"><\/div>\n\t\t\t\t\t\t\t\t\t<\/div>\n\t\t\t\t\t\t<\/div>\n\t\t\t\t<\/div>\n\t\t\t\t\t<\/div>\n\t\t<\/div>\n\t\t\t\t\t<\/div>\n\t\t<\/section>\n\t\t\t\t<\/div>","protected":false},"excerpt":{"rendered":"<p>Depuis l&rsquo;entr\u00e9e, il est possible d&rsquo;apercevoir la cuisine \u00e0 travers un moucharabieh d&rsquo;origine indienne. Enti\u00e8rement \u00e9quip\u00e9e, celle-ci a \u00e9t\u00e9 con\u00e7ue dans une pi\u00e8ce qui fut autrefois une soute \u00e0 charbon dont le plafond \u00e0 vo\u00fbtains m\u00e9ritait une mise en valeur.La salle \u00e0 manger, belle pi\u00e8ce \u00e9clair\u00e9e par un imposte de style atelier offrant une vue [&hellip;]<\/p>","protected":false},"author":1,"featured_media":0,"parent":0,"menu_order":0,"comment_status":"closed","ping_status":"closed","template":"","meta":{"ocean_post_layout":"","ocean_both_sidebars_style":"","ocean_both_sidebars_content_width":0,"ocean_both_sidebars_sidebars_width":0,"ocean_sidebar":"","ocean_second_sidebar":"","ocean_disable_margins":"enable","ocean_add_body_class":"","ocean_shortcode_before_top_bar":"","ocean_shortcode_after_top_bar":"","ocean_shortcode_before_header":"","ocean_shortcode_after_header":"","ocean_has_shortcode":"","ocean_shortcode_after_title":"","ocean_shortcode_before_footer_widgets":"","ocean_shortcode_after_footer_widgets":"","ocean_shortcode_before_footer_bottom":"","ocean_shortcode_after_footer_bottom":"","ocean_display_top_bar":"default","ocean_display_header":"default","ocean_header_style":"","ocean_center_header_left_menu":"","ocean_custom_header_template":"","ocean_custom_logo":0,"ocean_custom_retina_logo":0,"ocean_custom_logo_max_width":0,"ocean_custom_logo_tablet_max_width":0,"ocean_custom_logo_mobile_max_width":0,"ocean_custom_logo_max_height":0,"ocean_custom_logo_tablet_max_height":0,"ocean_custom_logo_mobile_max_height":0,"ocean_header_custom_menu":"","ocean_menu_typo_font_family":"","ocean_menu_typo_font_subset":"","ocean_menu_typo_font_size":0,"ocean_menu_typo_font_size_tablet":0,"ocean_menu_typo_font_size_mobile":0,"ocean_menu_typo_font_size_unit":"px","ocean_menu_typo_font_weight":"","ocean_menu_typo_font_weight_tablet":"","ocean_menu_typo_font_weight_mobile":"","ocean_menu_typo_transform":"","ocean_menu_typo_transform_tablet":"","ocean_menu_typo_transform_mobile":"","ocean_menu_typo_line_height":0,"ocean_menu_typo_line_height_tablet":0,"ocean_menu_typo_line_height_mobile":0,"ocean_menu_typo_line_height_unit":"","ocean_menu_typo_spacing":0,"ocean_menu_typo_spacing_tablet":0,"ocean_menu_typo_spacing_mobile":0,"ocean_menu_typo_spacing_unit":"","ocean_menu_link_color":"","ocean_menu_link_color_hover":"","ocean_menu_link_color_active":"","ocean_menu_link_background":"","ocean_menu_link_hover_background":"","ocean_menu_link_active_background":"","ocean_menu_social_links_bg":"","ocean_menu_social_hover_links_bg":"","ocean_menu_social_links_color":"","ocean_menu_social_hover_links_color":"","ocean_disable_title":"default","ocean_disable_heading":"default","ocean_post_title":"","ocean_post_subheading":"","ocean_post_title_style":"","ocean_post_title_background_color":"","ocean_post_title_background":0,"ocean_post_title_bg_image_position":"","ocean_post_title_bg_image_attachment":"","ocean_post_title_bg_image_repeat":"","ocean_post_title_bg_image_size":"","ocean_post_title_height":0,"ocean_post_title_bg_overlay":0.5,"ocean_post_title_bg_overlay_color":"","ocean_disable_breadcrumbs":"default","ocean_breadcrumbs_color":"","ocean_breadcrumbs_separator_color":"","ocean_breadcrumbs_links_color":"","ocean_breadcrumbs_links_hover_color":"","ocean_display_footer_widgets":"default","ocean_display_footer_bottom":"default","ocean_custom_footer_template":"","footnotes":""},"class_list":["post-21","page","type-page","status-publish","hentry","entry","owp-thumbs-layout-horizontal","owp-btn-big","owp-tabs-layout-section","has-no-thumbnails","has-product-nav"],"yoast_head":"<!-- This site is optimized with the Yoast SEO plugin v27.5 - https:\/\/yoast.com\/product\/yoast-seo-wordpress\/ -->\n<title>Cuisine et salle \u00e0 manger - G\u00eete de la Coll\u00e9giale<\/title>\n<meta name=\"robots\" content=\"index, follow, max-snippet:-1, max-image-preview:large, max-video-preview:-1\" \/>\n<link rel=\"canonical\" href=\"https:\/\/www.gite-canal-midi.com\/en\/la-cuisine-et-la-salle-a-manger\/\" \/>\n<meta property=\"og:locale\" content=\"en_GB\" \/>\n<meta property=\"og:type\" content=\"article\" \/>\n<meta property=\"og:title\" content=\"Cuisine et salle \u00e0 manger - G\u00eete de la Coll\u00e9giale\" \/>\n<meta property=\"og:description\" content=\"Depuis l&rsquo;entr\u00e9e, il est possible d&rsquo;apercevoir la cuisine \u00e0 travers un moucharabieh d&rsquo;origine indienne. Enti\u00e8rement \u00e9quip\u00e9e, celle-ci a \u00e9t\u00e9 con\u00e7ue dans une pi\u00e8ce qui fut autrefois une soute \u00e0 charbon dont le plafond \u00e0 vo\u00fbtains m\u00e9ritait une mise en valeur.La salle \u00e0 manger, belle pi\u00e8ce \u00e9clair\u00e9e par un imposte de style atelier offrant une vue [&hellip;]\" \/>\n<meta property=\"og:url\" content=\"https:\/\/www.gite-canal-midi.com\/en\/la-cuisine-et-la-salle-a-manger\/\" \/>\n<meta property=\"og:site_name\" content=\"G\u00eete de la Coll\u00e9giale\" \/>\n<meta property=\"article:modified_time\" content=\"2025-03-19T22:19:33+00:00\" \/>\n<meta property=\"og:image\" content=\"https:\/\/www.gite-canal-midi.com\/wp-content\/uploads\/2025\/02\/IMG_6790-1024x683.jpg\" \/>\n<meta name=\"twitter:card\" content=\"summary_large_image\" \/>\n<meta name=\"twitter:label1\" content=\"Estimated reading time\" \/>\n\t<meta name=\"twitter:data1\" content=\"5 minutes\" \/>\n<script type=\"application\/ld+json\" class=\"yoast-schema-graph\">{\"@context\":\"https:\\\/\\\/schema.org\",\"@graph\":[{\"@type\":\"WebPage\",\"@id\":\"https:\\\/\\\/www.gite-canal-midi.com\\\/la-cuisine-et-la-salle-a-manger\\\/\",\"url\":\"https:\\\/\\\/www.gite-canal-midi.com\\\/la-cuisine-et-la-salle-a-manger\\\/\",\"name\":\"Cuisine et salle \u00e0 manger - G\u00eete de la Coll\u00e9giale\",\"isPartOf\":{\"@id\":\"https:\\\/\\\/www.gite-canal-midi.com\\\/#website\"},\"primaryImageOfPage\":{\"@id\":\"https:\\\/\\\/www.gite-canal-midi.com\\\/la-cuisine-et-la-salle-a-manger\\\/#primaryimage\"},\"image\":{\"@id\":\"https:\\\/\\\/www.gite-canal-midi.com\\\/la-cuisine-et-la-salle-a-manger\\\/#primaryimage\"},\"thumbnailUrl\":\"https:\\\/\\\/www.gite-canal-midi.com\\\/wp-content\\\/uploads\\\/2025\\\/02\\\/IMG_6790-1024x683.jpg\",\"datePublished\":\"2025-02-09T14:47:27+00:00\",\"dateModified\":\"2025-03-19T22:19:33+00:00\",\"breadcrumb\":{\"@id\":\"https:\\\/\\\/www.gite-canal-midi.com\\\/la-cuisine-et-la-salle-a-manger\\\/#breadcrumb\"},\"inLanguage\":\"en-GB\",\"potentialAction\":[{\"@type\":\"ReadAction\",\"target\":[\"https:\\\/\\\/www.gite-canal-midi.com\\\/la-cuisine-et-la-salle-a-manger\\\/\"]}]},{\"@type\":\"ImageObject\",\"inLanguage\":\"en-GB\",\"@id\":\"https:\\\/\\\/www.gite-canal-midi.com\\\/la-cuisine-et-la-salle-a-manger\\\/#primaryimage\",\"url\":\"https:\\\/\\\/www.gite-canal-midi.com\\\/wp-content\\\/uploads\\\/2025\\\/02\\\/IMG_6790-1024x683.jpg\",\"contentUrl\":\"https:\\\/\\\/www.gite-canal-midi.com\\\/wp-content\\\/uploads\\\/2025\\\/02\\\/IMG_6790-1024x683.jpg\"},{\"@type\":\"BreadcrumbList\",\"@id\":\"https:\\\/\\\/www.gite-canal-midi.com\\\/la-cuisine-et-la-salle-a-manger\\\/#breadcrumb\",\"itemListElement\":[{\"@type\":\"ListItem\",\"position\":1,\"name\":\"Accueil\",\"item\":\"https:\\\/\\\/www.gite-canal-midi.com\\\/\"},{\"@type\":\"ListItem\",\"position\":2,\"name\":\"Cuisine et salle \u00e0 manger\"}]},{\"@type\":\"WebSite\",\"@id\":\"https:\\\/\\\/www.gite-canal-midi.com\\\/#website\",\"url\":\"https:\\\/\\\/www.gite-canal-midi.com\\\/\",\"name\":\"G\u00eete de la Coll\u00e9giale\",\"description\":\"Un g\u00eete de charme et d&#039;authenticit\u00e9\",\"publisher\":{\"@id\":\"https:\\\/\\\/www.gite-canal-midi.com\\\/#organization\"},\"potentialAction\":[{\"@type\":\"SearchAction\",\"target\":{\"@type\":\"EntryPoint\",\"urlTemplate\":\"https:\\\/\\\/www.gite-canal-midi.com\\\/?s={search_term_string}\"},\"query-input\":{\"@type\":\"PropertyValueSpecification\",\"valueRequired\":true,\"valueName\":\"search_term_string\"}}],\"inLanguage\":\"en-GB\"},{\"@type\":\"Organization\",\"@id\":\"https:\\\/\\\/www.gite-canal-midi.com\\\/#organization\",\"name\":\"G\u00eete de la Coll\u00e9giale\",\"url\":\"https:\\\/\\\/www.gite-canal-midi.com\\\/\",\"logo\":{\"@type\":\"ImageObject\",\"inLanguage\":\"en-GB\",\"@id\":\"https:\\\/\\\/www.gite-canal-midi.com\\\/#\\\/schema\\\/logo\\\/image\\\/\",\"url\":\"https:\\\/\\\/i0.wp.com\\\/www.gite-canal-midi.com\\\/wp-content\\\/uploads\\\/2025\\\/02\\\/cropped-Logo-gite-de-la-Collegiale-3.png?fit=1078%2C296&ssl=1\",\"contentUrl\":\"https:\\\/\\\/i0.wp.com\\\/www.gite-canal-midi.com\\\/wp-content\\\/uploads\\\/2025\\\/02\\\/cropped-Logo-gite-de-la-Collegiale-3.png?fit=1078%2C296&ssl=1\",\"width\":1078,\"height\":296,\"caption\":\"G\u00eete de la Coll\u00e9giale\"},\"image\":{\"@id\":\"https:\\\/\\\/www.gite-canal-midi.com\\\/#\\\/schema\\\/logo\\\/image\\\/\"}}]}<\/script>\n<!-- \/ Yoast SEO plugin. -->","yoast_head_json":{"title":"Cuisine et salle \u00e0 manger - G\u00eete de la Coll\u00e9giale","robots":{"index":"index","follow":"follow","max-snippet":"max-snippet:-1","max-image-preview":"max-image-preview:large","max-video-preview":"max-video-preview:-1"},"canonical":"https:\/\/www.gite-canal-midi.com\/en\/la-cuisine-et-la-salle-a-manger\/","og_locale":"en_GB","og_type":"article","og_title":"Cuisine et salle \u00e0 manger - G\u00eete de la Coll\u00e9giale","og_description":"Depuis l&rsquo;entr\u00e9e, il est possible d&rsquo;apercevoir la cuisine \u00e0 travers un moucharabieh d&rsquo;origine indienne. Enti\u00e8rement \u00e9quip\u00e9e, celle-ci a \u00e9t\u00e9 con\u00e7ue dans une pi\u00e8ce qui fut autrefois une soute \u00e0 charbon dont le plafond \u00e0 vo\u00fbtains m\u00e9ritait une mise en valeur.La salle \u00e0 manger, belle pi\u00e8ce \u00e9clair\u00e9e par un imposte de style atelier offrant une vue [&hellip;]","og_url":"https:\/\/www.gite-canal-midi.com\/en\/la-cuisine-et-la-salle-a-manger\/","og_site_name":"G\u00eete de la Coll\u00e9giale","article_modified_time":"2025-03-19T22:19:33+00:00","og_image":[{"url":"https:\/\/www.gite-canal-midi.com\/wp-content\/uploads\/2025\/02\/IMG_6790-1024x683.jpg","type":"","width":"","height":""}],"twitter_card":"summary_large_image","twitter_misc":{"Estimated reading time":"5 minutes"},"schema":{"@context":"https:\/\/schema.org","@graph":[{"@type":"WebPage","@id":"https:\/\/www.gite-canal-midi.com\/la-cuisine-et-la-salle-a-manger\/","url":"https:\/\/www.gite-canal-midi.com\/la-cuisine-et-la-salle-a-manger\/","name":"Cuisine et salle \u00e0 manger - G\u00eete de la Coll\u00e9giale","isPartOf":{"@id":"https:\/\/www.gite-canal-midi.com\/#website"},"primaryImageOfPage":{"@id":"https:\/\/www.gite-canal-midi.com\/la-cuisine-et-la-salle-a-manger\/#primaryimage"},"image":{"@id":"https:\/\/www.gite-canal-midi.com\/la-cuisine-et-la-salle-a-manger\/#primaryimage"},"thumbnailUrl":"https:\/\/www.gite-canal-midi.com\/wp-content\/uploads\/2025\/02\/IMG_6790-1024x683.jpg","datePublished":"2025-02-09T14:47:27+00:00","dateModified":"2025-03-19T22:19:33+00:00","breadcrumb":{"@id":"https:\/\/www.gite-canal-midi.com\/la-cuisine-et-la-salle-a-manger\/#breadcrumb"},"inLanguage":"en-GB","potentialAction":[{"@type":"ReadAction","target":["https:\/\/www.gite-canal-midi.com\/la-cuisine-et-la-salle-a-manger\/"]}]},{"@type":"ImageObject","inLanguage":"en-GB","@id":"https:\/\/www.gite-canal-midi.com\/la-cuisine-et-la-salle-a-manger\/#primaryimage","url":"https:\/\/www.gite-canal-midi.com\/wp-content\/uploads\/2025\/02\/IMG_6790-1024x683.jpg","contentUrl":"https:\/\/www.gite-canal-midi.com\/wp-content\/uploads\/2025\/02\/IMG_6790-1024x683.jpg"},{"@type":"BreadcrumbList","@id":"https:\/\/www.gite-canal-midi.com\/la-cuisine-et-la-salle-a-manger\/#breadcrumb","itemListElement":[{"@type":"ListItem","position":1,"name":"Accueil","item":"https:\/\/www.gite-canal-midi.com\/"},{"@type":"ListItem","position":2,"name":"Cuisine et salle \u00e0 manger"}]},{"@type":"WebSite","@id":"https:\/\/www.gite-canal-midi.com\/#website","url":"https:\/\/www.gite-canal-midi.com\/","name":"G\u00eete de la Coll\u00e9giale","description":"Un g\u00eete de charme et d&#039;authenticit\u00e9","publisher":{"@id":"https:\/\/www.gite-canal-midi.com\/#organization"},"potentialAction":[{"@type":"SearchAction","target":{"@type":"EntryPoint","urlTemplate":"https:\/\/www.gite-canal-midi.com\/?s={search_term_string}"},"query-input":{"@type":"PropertyValueSpecification","valueRequired":true,"valueName":"search_term_string"}}],"inLanguage":"en-GB"},{"@type":"Organization","@id":"https:\/\/www.gite-canal-midi.com\/#organization","name":"G\u00eete de la Coll\u00e9giale","url":"https:\/\/www.gite-canal-midi.com\/","logo":{"@type":"ImageObject","inLanguage":"en-GB","@id":"https:\/\/www.gite-canal-midi.com\/#\/schema\/logo\/image\/","url":"https:\/\/i0.wp.com\/www.gite-canal-midi.com\/wp-content\/uploads\/2025\/02\/cropped-Logo-gite-de-la-Collegiale-3.png?fit=1078%2C296&ssl=1","contentUrl":"https:\/\/i0.wp.com\/www.gite-canal-midi.com\/wp-content\/uploads\/2025\/02\/cropped-Logo-gite-de-la-Collegiale-3.png?fit=1078%2C296&ssl=1","width":1078,"height":296,"caption":"G\u00eete de la Coll\u00e9giale"},"image":{"@id":"https:\/\/www.gite-canal-midi.com\/#\/schema\/logo\/image\/"}}]}},"jetpack_sharing_enabled":true,"_links":{"self":[{"href":"https:\/\/www.gite-canal-midi.com\/en\/wp-json\/wp\/v2\/pages\/21","targetHints":{"allow":["GET"]}}],"collection":[{"href":"https:\/\/www.gite-canal-midi.com\/en\/wp-json\/wp\/v2\/pages"}],"about":[{"href":"https:\/\/www.gite-canal-midi.com\/en\/wp-json\/wp\/v2\/types\/page"}],"author":[{"embeddable":true,"href":"https:\/\/www.gite-canal-midi.com\/en\/wp-json\/wp\/v2\/users\/1"}],"replies":[{"embeddable":true,"href":"https:\/\/www.gite-canal-midi.com\/en\/wp-json\/wp\/v2\/comments?post=21"}],"version-history":[{"count":83,"href":"https:\/\/www.gite-canal-midi.com\/en\/wp-json\/wp\/v2\/pages\/21\/revisions"}],"predecessor-version":[{"id":1867,"href":"https:\/\/www.gite-canal-midi.com\/en\/wp-json\/wp\/v2\/pages\/21\/revisions\/1867"}],"wp:attachment":[{"href":"https:\/\/www.gite-canal-midi.com\/en\/wp-json\/wp\/v2\/media?parent=21"}],"curies":[{"name":"wp","href":"https:\/\/api.w.org\/{rel}","templated":true}]}}