{"id":1173,"date":"2025-03-03T13:16:21","date_gmt":"2025-03-03T13:16:21","guid":{"rendered":"https:\/\/www.gite-canal-midi.com\/?page_id=1173"},"modified":"2025-03-21T16:13:20","modified_gmt":"2025-03-21T16:13:20","slug":"regles-de-vie","status":"publish","type":"page","link":"https:\/\/www.gite-canal-midi.com\/en\/regles-de-vie\/","title":{"rendered":"Some rules"},"content":{"rendered":"<div data-elementor-type=\"wp-page\" data-elementor-id=\"1173\" class=\"elementor elementor-1173\">\n\t\t\t\t\t\t<section class=\"elementor-section elementor-top-section elementor-element elementor-element-dd7ee58 elementor-section-boxed elementor-section-height-default elementor-section-height-default\" data-id=\"dd7ee58\" data-element_type=\"section\" data-e-type=\"section\">\n\t\t\t\t\t\t<div class=\"elementor-container elementor-column-gap-default\">\n\t\t\t\t\t<div class=\"elementor-column elementor-col-100 elementor-top-column elementor-element elementor-element-56167ba\" data-id=\"56167ba\" data-element_type=\"column\" data-e-type=\"column\">\n\t\t\t<div class=\"elementor-widget-wrap elementor-element-populated\">\n\t\t\t\t\t\t<div class=\"elementor-element elementor-element-13c5768 elementor-widget elementor-widget-text-editor\" data-id=\"13c5768\" data-element_type=\"widget\" data-e-type=\"widget\" data-widget_type=\"text-editor.default\">\n\t\t\t\t<div class=\"elementor-widget-container\">\n\t\t\t\t\t\t\t\t\t<ul><li>Smoking is not permitted in the house or in the relaxation area.   \n\nOnly the patio can be considered a smoking area.\u00a0 \u00a0 \u00a0 \u00a0 \u00a0 \u00a0 \u00a0 \u00a0<\/li><\/ul><ul><li>Pets are not allowed.<\/li><\/ul><ul><li>The swimming pool is a space shared with the owners.<\/li><\/ul>\t\t\t\t\t\t\t\t<\/div>\n\t\t\t\t<\/div>\n\t\t\t\t\t<\/div>\n\t\t<\/div>\n\t\t\t\t\t<\/div>\n\t\t<\/section>\n\t\t\t\t<\/div>","protected":false},"excerpt":{"rendered":"<p>Il n&rsquo;est pas autoris\u00e9 de fumer dans la maison ni dans l&rsquo;espace d\u00e9tente.\u00a0 \u00a0 \u00a0 \u00a0 \u00a0 \u00a0 \u00a0 \u00a0 \u00a0 \u00a0 \u00a0 \u00a0 \u00a0 \u00a0 \u00a0 \u00a0 \u00a0 \u00a0 \u00a0 \u00a0 \u00a0 \u00a0 \u00a0 \u00a0 \u00a0 \u00a0 \u00a0 \u00a0 \u00a0 \u00a0 \u00a0 \u00a0 \u00a0 \u00a0 \u00a0 \u00a0 \u00a0 \u00a0 \u00a0 \u00a0 \u00a0 \u00a0 \u00a0 [&hellip;]<\/p>","protected":false},"author":1,"featured_media":0,"parent":0,"menu_order":0,"comment_status":"closed","ping_status":"closed","template":"","meta":{"ocean_post_layout":"","ocean_both_sidebars_style":"","ocean_both_sidebars_content_width":0,"ocean_both_sidebars_sidebars_width":0,"ocean_sidebar":"","ocean_second_sidebar":"","ocean_disable_margins":"enable","ocean_add_body_class":"","ocean_shortcode_before_top_bar":"","ocean_shortcode_after_top_bar":"","ocean_shortcode_before_header":"","ocean_shortcode_after_header":"","ocean_has_shortcode":"","ocean_shortcode_after_title":"","ocean_shortcode_before_footer_widgets":"","ocean_shortcode_after_footer_widgets":"","ocean_shortcode_before_footer_bottom":"","ocean_shortcode_after_footer_bottom":"","ocean_display_top_bar":"default","ocean_display_header":"default","ocean_header_style":"","ocean_center_header_left_menu":"","ocean_custom_header_template":"","ocean_custom_logo":0,"ocean_custom_retina_logo":0,"ocean_custom_logo_max_width":0,"ocean_custom_logo_tablet_max_width":0,"ocean_custom_logo_mobile_max_width":0,"ocean_custom_logo_max_height":0,"ocean_custom_logo_tablet_max_height":0,"ocean_custom_logo_mobile_max_height":0,"ocean_header_custom_menu":"","ocean_menu_typo_font_family":"","ocean_menu_typo_font_subset":"","ocean_menu_typo_font_size":0,"ocean_menu_typo_font_size_tablet":0,"ocean_menu_typo_font_size_mobile":0,"ocean_menu_typo_font_size_unit":"px","ocean_menu_typo_font_weight":"","ocean_menu_typo_font_weight_tablet":"","ocean_menu_typo_font_weight_mobile":"","ocean_menu_typo_transform":"","ocean_menu_typo_transform_tablet":"","ocean_menu_typo_transform_mobile":"","ocean_menu_typo_line_height":0,"ocean_menu_typo_line_height_tablet":0,"ocean_menu_typo_line_height_mobile":0,"ocean_menu_typo_line_height_unit":"","ocean_menu_typo_spacing":0,"ocean_menu_typo_spacing_tablet":0,"ocean_menu_typo_spacing_mobile":0,"ocean_menu_typo_spacing_unit":"","ocean_menu_link_color":"","ocean_menu_link_color_hover":"","ocean_menu_link_color_active":"","ocean_menu_link_background":"","ocean_menu_link_hover_background":"","ocean_menu_link_active_background":"","ocean_menu_social_links_bg":"","ocean_menu_social_hover_links_bg":"","ocean_menu_social_links_color":"","ocean_menu_social_hover_links_color":"","ocean_disable_title":"default","ocean_disable_heading":"default","ocean_post_title":"","ocean_post_subheading":"","ocean_post_title_style":"","ocean_post_title_background_color":"","ocean_post_title_background":0,"ocean_post_title_bg_image_position":"","ocean_post_title_bg_image_attachment":"","ocean_post_title_bg_image_repeat":"","ocean_post_title_bg_image_size":"","ocean_post_title_height":0,"ocean_post_title_bg_overlay":0.5,"ocean_post_title_bg_overlay_color":"","ocean_disable_breadcrumbs":"default","ocean_breadcrumbs_color":"","ocean_breadcrumbs_separator_color":"","ocean_breadcrumbs_links_color":"","ocean_breadcrumbs_links_hover_color":"","ocean_display_footer_widgets":"default","ocean_display_footer_bottom":"default","ocean_custom_footer_template":"","footnotes":""},"class_list":["post-1173","page","type-page","status-publish","hentry","entry","owp-thumbs-layout-horizontal","owp-btn-big","owp-tabs-layout-section","has-no-thumbnails","has-product-nav"],"yoast_head":"<!-- This site is optimized with the Yoast SEO plugin v27.5 - https:\/\/yoast.com\/product\/yoast-seo-wordpress\/ -->\n<title>Quelques r\u00e8gles de vie - G\u00eete de la Coll\u00e9giale<\/title>\n<meta name=\"robots\" content=\"index, follow, max-snippet:-1, max-image-preview:large, max-video-preview:-1\" \/>\n<link rel=\"canonical\" href=\"https:\/\/www.gite-canal-midi.com\/en\/regles-de-vie\/\" \/>\n<meta property=\"og:locale\" content=\"en_GB\" \/>\n<meta property=\"og:type\" content=\"article\" \/>\n<meta property=\"og:title\" content=\"Quelques r\u00e8gles de vie - G\u00eete de la Coll\u00e9giale\" \/>\n<meta property=\"og:description\" content=\"Il n&rsquo;est pas autoris\u00e9 de fumer dans la maison ni dans l&rsquo;espace d\u00e9tente.\u00a0 \u00a0 \u00a0 \u00a0 \u00a0 \u00a0 \u00a0 \u00a0 \u00a0 \u00a0 \u00a0 \u00a0 \u00a0 \u00a0 \u00a0 \u00a0 \u00a0 \u00a0 \u00a0 \u00a0 \u00a0 \u00a0 \u00a0 \u00a0 \u00a0 \u00a0 \u00a0 \u00a0 \u00a0 \u00a0 \u00a0 \u00a0 \u00a0 \u00a0 \u00a0 \u00a0 \u00a0 \u00a0 \u00a0 \u00a0 \u00a0 \u00a0 \u00a0 [&hellip;]\" \/>\n<meta property=\"og:url\" content=\"https:\/\/www.gite-canal-midi.com\/en\/regles-de-vie\/\" \/>\n<meta property=\"og:site_name\" content=\"G\u00eete de la Coll\u00e9giale\" \/>\n<meta property=\"article:modified_time\" content=\"2025-03-21T16:13:20+00:00\" \/>\n<meta name=\"twitter:card\" content=\"summary_large_image\" \/>\n<meta name=\"twitter:label1\" content=\"Estimated reading time\" \/>\n\t<meta name=\"twitter:data1\" content=\"1 minute\" \/>\n<script type=\"application\/ld+json\" class=\"yoast-schema-graph\">{\"@context\":\"https:\\\/\\\/schema.org\",\"@graph\":[{\"@type\":\"WebPage\",\"@id\":\"https:\\\/\\\/www.gite-canal-midi.com\\\/regles-de-vie\\\/\",\"url\":\"https:\\\/\\\/www.gite-canal-midi.com\\\/regles-de-vie\\\/\",\"name\":\"Quelques r\u00e8gles de vie - G\u00eete de la Coll\u00e9giale\",\"isPartOf\":{\"@id\":\"https:\\\/\\\/www.gite-canal-midi.com\\\/#website\"},\"datePublished\":\"2025-03-03T13:16:21+00:00\",\"dateModified\":\"2025-03-21T16:13:20+00:00\",\"breadcrumb\":{\"@id\":\"https:\\\/\\\/www.gite-canal-midi.com\\\/regles-de-vie\\\/#breadcrumb\"},\"inLanguage\":\"en-GB\",\"potentialAction\":[{\"@type\":\"ReadAction\",\"target\":[\"https:\\\/\\\/www.gite-canal-midi.com\\\/regles-de-vie\\\/\"]}]},{\"@type\":\"BreadcrumbList\",\"@id\":\"https:\\\/\\\/www.gite-canal-midi.com\\\/regles-de-vie\\\/#breadcrumb\",\"itemListElement\":[{\"@type\":\"ListItem\",\"position\":1,\"name\":\"Accueil\",\"item\":\"https:\\\/\\\/www.gite-canal-midi.com\\\/\"},{\"@type\":\"ListItem\",\"position\":2,\"name\":\"Quelques r\u00e8gles de vie\"}]},{\"@type\":\"WebSite\",\"@id\":\"https:\\\/\\\/www.gite-canal-midi.com\\\/#website\",\"url\":\"https:\\\/\\\/www.gite-canal-midi.com\\\/\",\"name\":\"G\u00eete de la Coll\u00e9giale\",\"description\":\"Un g\u00eete de charme et d&#039;authenticit\u00e9\",\"publisher\":{\"@id\":\"https:\\\/\\\/www.gite-canal-midi.com\\\/#organization\"},\"potentialAction\":[{\"@type\":\"SearchAction\",\"target\":{\"@type\":\"EntryPoint\",\"urlTemplate\":\"https:\\\/\\\/www.gite-canal-midi.com\\\/?s={search_term_string}\"},\"query-input\":{\"@type\":\"PropertyValueSpecification\",\"valueRequired\":true,\"valueName\":\"search_term_string\"}}],\"inLanguage\":\"en-GB\"},{\"@type\":\"Organization\",\"@id\":\"https:\\\/\\\/www.gite-canal-midi.com\\\/#organization\",\"name\":\"G\u00eete de la Coll\u00e9giale\",\"url\":\"https:\\\/\\\/www.gite-canal-midi.com\\\/\",\"logo\":{\"@type\":\"ImageObject\",\"inLanguage\":\"en-GB\",\"@id\":\"https:\\\/\\\/www.gite-canal-midi.com\\\/#\\\/schema\\\/logo\\\/image\\\/\",\"url\":\"https:\\\/\\\/i0.wp.com\\\/www.gite-canal-midi.com\\\/wp-content\\\/uploads\\\/2025\\\/02\\\/cropped-Logo-gite-de-la-Collegiale-3.png?fit=1078%2C296&ssl=1\",\"contentUrl\":\"https:\\\/\\\/i0.wp.com\\\/www.gite-canal-midi.com\\\/wp-content\\\/uploads\\\/2025\\\/02\\\/cropped-Logo-gite-de-la-Collegiale-3.png?fit=1078%2C296&ssl=1\",\"width\":1078,\"height\":296,\"caption\":\"G\u00eete de la Coll\u00e9giale\"},\"image\":{\"@id\":\"https:\\\/\\\/www.gite-canal-midi.com\\\/#\\\/schema\\\/logo\\\/image\\\/\"}}]}<\/script>\n<!-- \/ Yoast SEO plugin. -->","yoast_head_json":{"title":"Quelques r\u00e8gles de vie - G\u00eete de la Coll\u00e9giale","robots":{"index":"index","follow":"follow","max-snippet":"max-snippet:-1","max-image-preview":"max-image-preview:large","max-video-preview":"max-video-preview:-1"},"canonical":"https:\/\/www.gite-canal-midi.com\/en\/regles-de-vie\/","og_locale":"en_GB","og_type":"article","og_title":"Quelques r\u00e8gles de vie - G\u00eete de la Coll\u00e9giale","og_description":"Il n&rsquo;est pas autoris\u00e9 de fumer dans la maison ni dans l&rsquo;espace d\u00e9tente.\u00a0 \u00a0 \u00a0 \u00a0 \u00a0 \u00a0 \u00a0 \u00a0 \u00a0 \u00a0 \u00a0 \u00a0 \u00a0 \u00a0 \u00a0 \u00a0 \u00a0 \u00a0 \u00a0 \u00a0 \u00a0 \u00a0 \u00a0 \u00a0 \u00a0 \u00a0 \u00a0 \u00a0 \u00a0 \u00a0 \u00a0 \u00a0 \u00a0 \u00a0 \u00a0 \u00a0 \u00a0 \u00a0 \u00a0 \u00a0 \u00a0 \u00a0 \u00a0 [&hellip;]","og_url":"https:\/\/www.gite-canal-midi.com\/en\/regles-de-vie\/","og_site_name":"G\u00eete de la Coll\u00e9giale","article_modified_time":"2025-03-21T16:13:20+00:00","twitter_card":"summary_large_image","twitter_misc":{"Estimated reading time":"1 minute"},"schema":{"@context":"https:\/\/schema.org","@graph":[{"@type":"WebPage","@id":"https:\/\/www.gite-canal-midi.com\/regles-de-vie\/","url":"https:\/\/www.gite-canal-midi.com\/regles-de-vie\/","name":"Quelques r\u00e8gles de vie - G\u00eete de la Coll\u00e9giale","isPartOf":{"@id":"https:\/\/www.gite-canal-midi.com\/#website"},"datePublished":"2025-03-03T13:16:21+00:00","dateModified":"2025-03-21T16:13:20+00:00","breadcrumb":{"@id":"https:\/\/www.gite-canal-midi.com\/regles-de-vie\/#breadcrumb"},"inLanguage":"en-GB","potentialAction":[{"@type":"ReadAction","target":["https:\/\/www.gite-canal-midi.com\/regles-de-vie\/"]}]},{"@type":"BreadcrumbList","@id":"https:\/\/www.gite-canal-midi.com\/regles-de-vie\/#breadcrumb","itemListElement":[{"@type":"ListItem","position":1,"name":"Accueil","item":"https:\/\/www.gite-canal-midi.com\/"},{"@type":"ListItem","position":2,"name":"Quelques r\u00e8gles de vie"}]},{"@type":"WebSite","@id":"https:\/\/www.gite-canal-midi.com\/#website","url":"https:\/\/www.gite-canal-midi.com\/","name":"G\u00eete de la Coll\u00e9giale","description":"Un g\u00eete de charme et d&#039;authenticit\u00e9","publisher":{"@id":"https:\/\/www.gite-canal-midi.com\/#organization"},"potentialAction":[{"@type":"SearchAction","target":{"@type":"EntryPoint","urlTemplate":"https:\/\/www.gite-canal-midi.com\/?s={search_term_string}"},"query-input":{"@type":"PropertyValueSpecification","valueRequired":true,"valueName":"search_term_string"}}],"inLanguage":"en-GB"},{"@type":"Organization","@id":"https:\/\/www.gite-canal-midi.com\/#organization","name":"G\u00eete de la Coll\u00e9giale","url":"https:\/\/www.gite-canal-midi.com\/","logo":{"@type":"ImageObject","inLanguage":"en-GB","@id":"https:\/\/www.gite-canal-midi.com\/#\/schema\/logo\/image\/","url":"https:\/\/i0.wp.com\/www.gite-canal-midi.com\/wp-content\/uploads\/2025\/02\/cropped-Logo-gite-de-la-Collegiale-3.png?fit=1078%2C296&ssl=1","contentUrl":"https:\/\/i0.wp.com\/www.gite-canal-midi.com\/wp-content\/uploads\/2025\/02\/cropped-Logo-gite-de-la-Collegiale-3.png?fit=1078%2C296&ssl=1","width":1078,"height":296,"caption":"G\u00eete de la Coll\u00e9giale"},"image":{"@id":"https:\/\/www.gite-canal-midi.com\/#\/schema\/logo\/image\/"}}]}},"jetpack_sharing_enabled":true,"_links":{"self":[{"href":"https:\/\/www.gite-canal-midi.com\/en\/wp-json\/wp\/v2\/pages\/1173","targetHints":{"allow":["GET"]}}],"collection":[{"href":"https:\/\/www.gite-canal-midi.com\/en\/wp-json\/wp\/v2\/pages"}],"about":[{"href":"https:\/\/www.gite-canal-midi.com\/en\/wp-json\/wp\/v2\/types\/page"}],"author":[{"embeddable":true,"href":"https:\/\/www.gite-canal-midi.com\/en\/wp-json\/wp\/v2\/users\/1"}],"replies":[{"embeddable":true,"href":"https:\/\/www.gite-canal-midi.com\/en\/wp-json\/wp\/v2\/comments?post=1173"}],"version-history":[{"count":44,"href":"https:\/\/www.gite-canal-midi.com\/en\/wp-json\/wp\/v2\/pages\/1173\/revisions"}],"predecessor-version":[{"id":1919,"href":"https:\/\/www.gite-canal-midi.com\/en\/wp-json\/wp\/v2\/pages\/1173\/revisions\/1919"}],"wp:attachment":[{"href":"https:\/\/www.gite-canal-midi.com\/en\/wp-json\/wp\/v2\/media?parent=1173"}],"curies":[{"name":"wp","href":"https:\/\/api.w.org\/{rel}","templated":true}]}}