{"id":11,"date":"2025-02-09T14:39:59","date_gmt":"2025-02-09T14:39:59","guid":{"rendered":"https:\/\/www.gite-canal-midi.com\/?page_id=11"},"modified":"2026-03-03T22:18:57","modified_gmt":"2026-03-03T22:18:57","slug":"comment-nous-rejoindre","status":"publish","type":"page","link":"https:\/\/www.gite-canal-midi.com\/en\/comment-nous-rejoindre\/","title":{"rendered":"How to get to our lodge ?"},"content":{"rendered":"<div data-elementor-type=\"wp-page\" data-elementor-id=\"11\" class=\"elementor elementor-11\">\n\t\t\t\t<section class=\"elementor-section elementor-top-section elementor-element elementor-element-6675e29 elementor-section-boxed elementor-section-height-default elementor-section-height-default\" data-id=\"6675e29\" data-element_type=\"section\" data-e-type=\"section\">\n\t\t\t\t\t\t<div class=\"elementor-container elementor-column-gap-default\">\n\t\t\t\t\t<div class=\"elementor-column elementor-col-100 elementor-top-column elementor-element elementor-element-b842d72\" data-id=\"b842d72\" data-element_type=\"column\" data-e-type=\"column\">\n\t\t\t<div class=\"elementor-widget-wrap elementor-element-populated\">\n\t\t\t\t\t\t<div class=\"elementor-element elementor-element-8564ed7 elementor-widget elementor-widget-text-editor\" data-id=\"8564ed7\" data-element_type=\"widget\" data-e-type=\"widget\" data-widget_type=\"text-editor.default\">\n\t\t\t\t<div class=\"elementor-widget-container\">\n\t\t\t\t\t\t\t\t\t<p>Le g\u00eete de la Coll\u00e9giale Saint-Etienne est install\u00e9 en plein c\u0153ur du village de Capestang, situ\u00e9 en pays biterrois \u00e0 13 km \u00e0 l\u2019Ouest de B\u00e9ziers, \u00e0 18 km au Nord de Narbonne et \u00e0 60 km \u00e0 l\u2019Est de Carcassonne.<\/p>\n<p>This village is accessible using several ways:<\/p>\n<p><!-- \/wp:paragraph --><!-- wp:list --><\/p>\n<ul class=\"wp-block-list\"><!-- wp:list-item -->\n<li><strong>\u00a0 <img decoding=\"async\" data-recalc-dims=\"1\" class=\"wp-image-1058 alignleft\" src=\"https:\/\/i0.wp.com\/www.gite-canal-midi.com\/wp-content\/uploads\/2025\/02\/voiture.png?resize=28%2C28&#038;ssl=1\" alt=\"\" width=\"28\" height=\"28\" srcset=\"https:\/\/i0.wp.com\/www.gite-canal-midi.com\/wp-content\/uploads\/2025\/02\/voiture.png?w=512&amp;ssl=1 512w, https:\/\/i0.wp.com\/www.gite-canal-midi.com\/wp-content\/uploads\/2025\/02\/voiture.png?resize=300%2C300&amp;ssl=1 300w, https:\/\/i0.wp.com\/www.gite-canal-midi.com\/wp-content\/uploads\/2025\/02\/voiture.png?resize=100%2C100&amp;ssl=1 100w, https:\/\/i0.wp.com\/www.gite-canal-midi.com\/wp-content\/uploads\/2025\/02\/voiture.png?resize=150%2C150&amp;ssl=1 150w\" sizes=\"(max-width: 28px) 100vw, 28px\" \/><strong><strong><strong><strong><strong> By car<\/strong>\u00a0:<\/strong><\/strong><\/strong><\/strong><\/strong>\n<ul>\n<li>From the North, you can take either the A75 motorway, which crosses the Massif Central (for free from Clermont-Ferrand), or the A7 which runs along the Rh\u00f4ne valley and then the A9 towards Spain.<\/li>\n<li>From the West, the A61 connects Toulouse to Narbonne.<\/li>\n<\/ul>\n<!-- wp:list -->\n<ul class=\"wp-block-list\"><!-- wp:list-item --><!-- \/wp:list-item --><\/ul>\n<!-- \/wp:list --><\/li>\n<li>\u00a0<\/li>\n<!-- \/wp:list-item --><!-- wp:list-item -->\n<li>\u200b<img decoding=\"async\" data-recalc-dims=\"1\" class=\"wp-image-1062 alignleft\" src=\"https:\/\/i0.wp.com\/www.gite-canal-midi.com\/wp-content\/uploads\/2025\/02\/train.png?resize=37%2C37&#038;ssl=1\" alt=\"\" width=\"37\" height=\"37\" srcset=\"https:\/\/i0.wp.com\/www.gite-canal-midi.com\/wp-content\/uploads\/2025\/02\/train.png?w=512&amp;ssl=1 512w, https:\/\/i0.wp.com\/www.gite-canal-midi.com\/wp-content\/uploads\/2025\/02\/train.png?resize=300%2C300&amp;ssl=1 300w, https:\/\/i0.wp.com\/www.gite-canal-midi.com\/wp-content\/uploads\/2025\/02\/train.png?resize=100%2C100&amp;ssl=1 100w, https:\/\/i0.wp.com\/www.gite-canal-midi.com\/wp-content\/uploads\/2025\/02\/train.png?resize=150%2C150&amp;ssl=1 150w\" sizes=\"(max-width: 37px) 100vw, 37px\" \/><strong>By train<\/strong>, to B\u00e9ziers or Narbonne.<\/li>\n<li>\u00a0<\/li>\n<!-- \/wp:list-item --><!-- wp:list-item -->\n<li>\u200b<img decoding=\"async\" data-recalc-dims=\"1\" class=\"wp-image-1063 alignleft\" src=\"https:\/\/i0.wp.com\/www.gite-canal-midi.com\/wp-content\/uploads\/2025\/02\/avion.png?resize=29%2C29&#038;ssl=1\" alt=\"\" width=\"29\" height=\"29\" srcset=\"https:\/\/i0.wp.com\/www.gite-canal-midi.com\/wp-content\/uploads\/2025\/02\/avion.png?w=512&amp;ssl=1 512w, https:\/\/i0.wp.com\/www.gite-canal-midi.com\/wp-content\/uploads\/2025\/02\/avion.png?resize=300%2C300&amp;ssl=1 300w, https:\/\/i0.wp.com\/www.gite-canal-midi.com\/wp-content\/uploads\/2025\/02\/avion.png?resize=100%2C100&amp;ssl=1 100w, https:\/\/i0.wp.com\/www.gite-canal-midi.com\/wp-content\/uploads\/2025\/02\/avion.png?resize=150%2C150&amp;ssl=1 150w\" sizes=\"(max-width: 29px) 100vw, 29px\" \/><strong> By Plane, <\/strong>Montpellier, B\u00e9ziers and Carcassonne airports connected to Brussels, Dublin, Paris, Eindhoven and London.<\/li>\n<\/ul>\t\t\t\t\t\t\t\t<\/div>\n\t\t\t\t<\/div>\n\t\t\t\t\t<\/div>\n\t\t<\/div>\n\t\t\t\t\t<\/div>\n\t\t<\/section>\n\t\t\t\t<section class=\"elementor-section elementor-top-section elementor-element elementor-element-1c8a8a3 elementor-section-boxed elementor-section-height-default elementor-section-height-default\" data-id=\"1c8a8a3\" data-element_type=\"section\" data-e-type=\"section\">\n\t\t\t\t\t\t<div class=\"elementor-container elementor-column-gap-default\">\n\t\t\t\t\t<div class=\"elementor-column elementor-col-100 elementor-top-column elementor-element elementor-element-3c82671\" data-id=\"3c82671\" data-element_type=\"column\" data-e-type=\"column\">\n\t\t\t<div class=\"elementor-widget-wrap elementor-element-populated\">\n\t\t\t\t\t\t<div class=\"elementor-element elementor-element-fdeb366 elementor-widget elementor-widget-google_maps\" data-id=\"fdeb366\" data-element_type=\"widget\" data-e-type=\"widget\" data-widget_type=\"google_maps.default\">\n\t\t\t\t<div class=\"elementor-widget-container\">\n\t\t\t\t\t\t\t<div class=\"elementor-custom-embed\">\n\t\t\t<iframe loading=\"lazy\"\n\t\t\t\t\tsrc=\"https:\/\/maps.google.com\/maps?q=Capestang&#038;t=m&#038;z=8&#038;output=embed&#038;iwloc=near\"\n\t\t\t\t\ttitle=\"Capestang\"\n\t\t\t\t\taria-label=\"Capestang\"\n\t\t\t><\/iframe>\n\t\t<\/div>\n\t\t\t\t\t\t<\/div>\n\t\t\t\t<\/div>\n\t\t\t\t\t<\/div>\n\t\t<\/div>\n\t\t\t\t\t<\/div>\n\t\t<\/section>\n\t\t\t\t<section class=\"elementor-section elementor-top-section elementor-element elementor-element-ee6e846 elementor-section-boxed elementor-section-height-default elementor-section-height-default\" data-id=\"ee6e846\" data-element_type=\"section\" data-e-type=\"section\">\n\t\t\t\t\t\t<div class=\"elementor-container elementor-column-gap-default\">\n\t\t\t\t\t<div class=\"elementor-column elementor-col-100 elementor-top-column elementor-element elementor-element-f35e70f\" data-id=\"f35e70f\" data-element_type=\"column\" data-e-type=\"column\">\n\t\t\t<div class=\"elementor-widget-wrap elementor-element-populated\">\n\t\t\t\t\t\t<div class=\"elementor-element elementor-element-89cb569 elementor-widget elementor-widget-text-editor\" data-id=\"89cb569\" data-element_type=\"widget\" data-e-type=\"widget\" data-widget_type=\"text-editor.default\">\n\t\t\t\t<div class=\"elementor-widget-container\">\n\t\t\t\t\t\t\t\t\t<p>Dans le village, le g\u00eete se situe \u00e0 proximit\u00e9 de la Coll\u00e9giale Saint-Etienne. Il est accessible par la rue Paul Bert, o\u00f9 vous attend une place de parking devant le 1 place Elie Guiraud.\u00a0<\/p>\t\t\t\t\t\t\t\t<\/div>\n\t\t\t\t<\/div>\n\t\t\t\t\t<\/div>\n\t\t<\/div>\n\t\t\t\t\t<\/div>\n\t\t<\/section>\n\t\t\t\t<section class=\"elementor-section elementor-top-section elementor-element elementor-element-6d9c888 elementor-section-boxed elementor-section-height-default elementor-section-height-default\" data-id=\"6d9c888\" data-element_type=\"section\" data-e-type=\"section\">\n\t\t\t\t\t\t<div class=\"elementor-container elementor-column-gap-default\">\n\t\t\t\t\t<div class=\"elementor-column elementor-col-100 elementor-top-column elementor-element elementor-element-f7c47bb\" data-id=\"f7c47bb\" data-element_type=\"column\" data-e-type=\"column\">\n\t\t\t<div class=\"elementor-widget-wrap elementor-element-populated\">\n\t\t\t\t\t\t<div class=\"elementor-element elementor-element-3ac656f elementor-widget elementor-widget-google_maps\" data-id=\"3ac656f\" data-element_type=\"widget\" data-e-type=\"widget\" data-widget_type=\"google_maps.default\">\n\t\t\t\t<div class=\"elementor-widget-container\">\n\t\t\t\t\t\t\t<div class=\"elementor-custom-embed\">\n\t\t\t<iframe loading=\"lazy\"\n\t\t\t\t\tsrc=\"https:\/\/maps.google.com\/maps?q=2%20place%20de%20la%20r%C3%A9volution%2C%2034310%20Capestang&#038;t=m&#038;z=15&#038;output=embed&#038;iwloc=near\"\n\t\t\t\t\ttitle=\"2 place de la r\u00e9volution, 34310 Capestang\"\n\t\t\t\t\taria-label=\"2 place de la r\u00e9volution, 34310 Capestang\"\n\t\t\t><\/iframe>\n\t\t<\/div>\n\t\t\t\t\t\t<\/div>\n\t\t\t\t<\/div>\n\t\t\t\t\t<\/div>\n\t\t<\/div>\n\t\t\t\t\t<\/div>\n\t\t<\/section>\t\t<\/div>","protected":false},"excerpt":{"rendered":"<p>Le g\u00eete de la Coll\u00e9giale Saint-Etienne est install\u00e9 en plein c\u0153ur du village de Capestang, situ\u00e9 en pays biterrois \u00e0 13 km \u00e0 l\u2019Ouest de B\u00e9ziers, \u00e0 18 km au Nord de Narbonne et \u00e0 60 km \u00e0 l\u2019Est de Carcassonne. Ce village est accessible de plusieurs mani\u00e8res\u00a0: \u00a0 Par la route\u00a0: Depuis le Nord, [&hellip;]<\/p>","protected":false},"author":1,"featured_media":0,"parent":0,"menu_order":0,"comment_status":"closed","ping_status":"closed","template":"","meta":{"ocean_post_layout":"","ocean_both_sidebars_style":"","ocean_both_sidebars_content_width":0,"ocean_both_sidebars_sidebars_width":0,"ocean_sidebar":"","ocean_second_sidebar":"","ocean_disable_margins":"enable","ocean_add_body_class":"","ocean_shortcode_before_top_bar":"","ocean_shortcode_after_top_bar":"","ocean_shortcode_before_header":"","ocean_shortcode_after_header":"","ocean_has_shortcode":"","ocean_shortcode_after_title":"","ocean_shortcode_before_footer_widgets":"","ocean_shortcode_after_footer_widgets":"","ocean_shortcode_before_footer_bottom":"","ocean_shortcode_after_footer_bottom":"","ocean_display_top_bar":"default","ocean_display_header":"default","ocean_header_style":"","ocean_center_header_left_menu":"","ocean_custom_header_template":"","ocean_custom_logo":0,"ocean_custom_retina_logo":0,"ocean_custom_logo_max_width":0,"ocean_custom_logo_tablet_max_width":0,"ocean_custom_logo_mobile_max_width":0,"ocean_custom_logo_max_height":0,"ocean_custom_logo_tablet_max_height":0,"ocean_custom_logo_mobile_max_height":0,"ocean_header_custom_menu":"","ocean_menu_typo_font_family":"","ocean_menu_typo_font_subset":"","ocean_menu_typo_font_size":0,"ocean_menu_typo_font_size_tablet":0,"ocean_menu_typo_font_size_mobile":0,"ocean_menu_typo_font_size_unit":"px","ocean_menu_typo_font_weight":"","ocean_menu_typo_font_weight_tablet":"","ocean_menu_typo_font_weight_mobile":"","ocean_menu_typo_transform":"","ocean_menu_typo_transform_tablet":"","ocean_menu_typo_transform_mobile":"","ocean_menu_typo_line_height":0,"ocean_menu_typo_line_height_tablet":0,"ocean_menu_typo_line_height_mobile":0,"ocean_menu_typo_line_height_unit":"","ocean_menu_typo_spacing":0,"ocean_menu_typo_spacing_tablet":0,"ocean_menu_typo_spacing_mobile":0,"ocean_menu_typo_spacing_unit":"","ocean_menu_link_color":"","ocean_menu_link_color_hover":"","ocean_menu_link_color_active":"","ocean_menu_link_background":"","ocean_menu_link_hover_background":"","ocean_menu_link_active_background":"","ocean_menu_social_links_bg":"","ocean_menu_social_hover_links_bg":"","ocean_menu_social_links_color":"","ocean_menu_social_hover_links_color":"","ocean_disable_title":"default","ocean_disable_heading":"default","ocean_post_title":"","ocean_post_subheading":"","ocean_post_title_style":"","ocean_post_title_background_color":"","ocean_post_title_background":0,"ocean_post_title_bg_image_position":"","ocean_post_title_bg_image_attachment":"","ocean_post_title_bg_image_repeat":"","ocean_post_title_bg_image_size":"","ocean_post_title_height":0,"ocean_post_title_bg_overlay":0.5,"ocean_post_title_bg_overlay_color":"","ocean_disable_breadcrumbs":"default","ocean_breadcrumbs_color":"","ocean_breadcrumbs_separator_color":"","ocean_breadcrumbs_links_color":"","ocean_breadcrumbs_links_hover_color":"","ocean_display_footer_widgets":"default","ocean_display_footer_bottom":"default","ocean_custom_footer_template":"","footnotes":""},"class_list":["post-11","page","type-page","status-publish","hentry","entry","owp-thumbs-layout-horizontal","owp-btn-big","owp-tabs-layout-section","has-no-thumbnails","has-product-nav"],"yoast_head":"<!-- This site is optimized with the Yoast SEO plugin v27.5 - https:\/\/yoast.com\/product\/yoast-seo-wordpress\/ -->\n<title>Comment nous rejoindre\u00a0? - G\u00eete de la Coll\u00e9giale<\/title>\n<meta name=\"robots\" content=\"index, follow, max-snippet:-1, max-image-preview:large, max-video-preview:-1\" \/>\n<link rel=\"canonical\" href=\"https:\/\/www.gite-canal-midi.com\/en\/comment-nous-rejoindre\/\" \/>\n<meta property=\"og:locale\" content=\"en_GB\" \/>\n<meta property=\"og:type\" content=\"article\" \/>\n<meta property=\"og:title\" content=\"Comment nous rejoindre\u00a0? - G\u00eete de la Coll\u00e9giale\" \/>\n<meta property=\"og:description\" content=\"Le g\u00eete de la Coll\u00e9giale Saint-Etienne est install\u00e9 en plein c\u0153ur du village de Capestang, situ\u00e9 en pays biterrois \u00e0 13 km \u00e0 l\u2019Ouest de B\u00e9ziers, \u00e0 18 km au Nord de Narbonne et \u00e0 60 km \u00e0 l\u2019Est de Carcassonne. Ce village est accessible de plusieurs mani\u00e8res\u00a0: \u00a0 Par la route\u00a0: Depuis le Nord, [&hellip;]\" \/>\n<meta property=\"og:url\" content=\"https:\/\/www.gite-canal-midi.com\/en\/comment-nous-rejoindre\/\" \/>\n<meta property=\"og:site_name\" content=\"G\u00eete de la Coll\u00e9giale\" \/>\n<meta property=\"article:modified_time\" content=\"2026-03-03T22:18:57+00:00\" \/>\n<meta property=\"og:image\" content=\"https:\/\/www.gite-canal-midi.com\/wp-content\/uploads\/2025\/02\/voiture-300x300.png\" \/>\n<meta name=\"twitter:card\" content=\"summary_large_image\" \/>\n<meta name=\"twitter:label1\" content=\"Estimated reading time\" \/>\n\t<meta name=\"twitter:data1\" content=\"2 minutes\" \/>\n<script type=\"application\/ld+json\" class=\"yoast-schema-graph\">{\"@context\":\"https:\\\/\\\/schema.org\",\"@graph\":[{\"@type\":\"WebPage\",\"@id\":\"https:\\\/\\\/www.gite-canal-midi.com\\\/comment-nous-rejoindre\\\/\",\"url\":\"https:\\\/\\\/www.gite-canal-midi.com\\\/comment-nous-rejoindre\\\/\",\"name\":\"Comment nous rejoindre\u00a0? - G\u00eete de la Coll\u00e9giale\",\"isPartOf\":{\"@id\":\"https:\\\/\\\/www.gite-canal-midi.com\\\/#website\"},\"primaryImageOfPage\":{\"@id\":\"https:\\\/\\\/www.gite-canal-midi.com\\\/comment-nous-rejoindre\\\/#primaryimage\"},\"image\":{\"@id\":\"https:\\\/\\\/www.gite-canal-midi.com\\\/comment-nous-rejoindre\\\/#primaryimage\"},\"thumbnailUrl\":\"https:\\\/\\\/www.gite-canal-midi.com\\\/wp-content\\\/uploads\\\/2025\\\/02\\\/voiture-300x300.png\",\"datePublished\":\"2025-02-09T14:39:59+00:00\",\"dateModified\":\"2026-03-03T22:18:57+00:00\",\"breadcrumb\":{\"@id\":\"https:\\\/\\\/www.gite-canal-midi.com\\\/comment-nous-rejoindre\\\/#breadcrumb\"},\"inLanguage\":\"en-GB\",\"potentialAction\":[{\"@type\":\"ReadAction\",\"target\":[\"https:\\\/\\\/www.gite-canal-midi.com\\\/comment-nous-rejoindre\\\/\"]}]},{\"@type\":\"ImageObject\",\"inLanguage\":\"en-GB\",\"@id\":\"https:\\\/\\\/www.gite-canal-midi.com\\\/comment-nous-rejoindre\\\/#primaryimage\",\"url\":\"https:\\\/\\\/www.gite-canal-midi.com\\\/wp-content\\\/uploads\\\/2025\\\/02\\\/voiture-300x300.png\",\"contentUrl\":\"https:\\\/\\\/www.gite-canal-midi.com\\\/wp-content\\\/uploads\\\/2025\\\/02\\\/voiture-300x300.png\"},{\"@type\":\"BreadcrumbList\",\"@id\":\"https:\\\/\\\/www.gite-canal-midi.com\\\/comment-nous-rejoindre\\\/#breadcrumb\",\"itemListElement\":[{\"@type\":\"ListItem\",\"position\":1,\"name\":\"Accueil\",\"item\":\"https:\\\/\\\/www.gite-canal-midi.com\\\/\"},{\"@type\":\"ListItem\",\"position\":2,\"name\":\"Comment nous rejoindre\u00a0?\"}]},{\"@type\":\"WebSite\",\"@id\":\"https:\\\/\\\/www.gite-canal-midi.com\\\/#website\",\"url\":\"https:\\\/\\\/www.gite-canal-midi.com\\\/\",\"name\":\"G\u00eete de la Coll\u00e9giale\",\"description\":\"Un g\u00eete de charme et d&#039;authenticit\u00e9\",\"publisher\":{\"@id\":\"https:\\\/\\\/www.gite-canal-midi.com\\\/#organization\"},\"potentialAction\":[{\"@type\":\"SearchAction\",\"target\":{\"@type\":\"EntryPoint\",\"urlTemplate\":\"https:\\\/\\\/www.gite-canal-midi.com\\\/?s={search_term_string}\"},\"query-input\":{\"@type\":\"PropertyValueSpecification\",\"valueRequired\":true,\"valueName\":\"search_term_string\"}}],\"inLanguage\":\"en-GB\"},{\"@type\":\"Organization\",\"@id\":\"https:\\\/\\\/www.gite-canal-midi.com\\\/#organization\",\"name\":\"G\u00eete de la Coll\u00e9giale\",\"url\":\"https:\\\/\\\/www.gite-canal-midi.com\\\/\",\"logo\":{\"@type\":\"ImageObject\",\"inLanguage\":\"en-GB\",\"@id\":\"https:\\\/\\\/www.gite-canal-midi.com\\\/#\\\/schema\\\/logo\\\/image\\\/\",\"url\":\"https:\\\/\\\/i0.wp.com\\\/www.gite-canal-midi.com\\\/wp-content\\\/uploads\\\/2025\\\/02\\\/cropped-Logo-gite-de-la-Collegiale-3.png?fit=1078%2C296&ssl=1\",\"contentUrl\":\"https:\\\/\\\/i0.wp.com\\\/www.gite-canal-midi.com\\\/wp-content\\\/uploads\\\/2025\\\/02\\\/cropped-Logo-gite-de-la-Collegiale-3.png?fit=1078%2C296&ssl=1\",\"width\":1078,\"height\":296,\"caption\":\"G\u00eete de la Coll\u00e9giale\"},\"image\":{\"@id\":\"https:\\\/\\\/www.gite-canal-midi.com\\\/#\\\/schema\\\/logo\\\/image\\\/\"}}]}<\/script>\n<!-- \/ Yoast SEO plugin. -->","yoast_head_json":{"title":"Comment nous rejoindre\u00a0? - G\u00eete de la Coll\u00e9giale","robots":{"index":"index","follow":"follow","max-snippet":"max-snippet:-1","max-image-preview":"max-image-preview:large","max-video-preview":"max-video-preview:-1"},"canonical":"https:\/\/www.gite-canal-midi.com\/en\/comment-nous-rejoindre\/","og_locale":"en_GB","og_type":"article","og_title":"Comment nous rejoindre\u00a0? - G\u00eete de la Coll\u00e9giale","og_description":"Le g\u00eete de la Coll\u00e9giale Saint-Etienne est install\u00e9 en plein c\u0153ur du village de Capestang, situ\u00e9 en pays biterrois \u00e0 13 km \u00e0 l\u2019Ouest de B\u00e9ziers, \u00e0 18 km au Nord de Narbonne et \u00e0 60 km \u00e0 l\u2019Est de Carcassonne. Ce village est accessible de plusieurs mani\u00e8res\u00a0: \u00a0 Par la route\u00a0: Depuis le Nord, [&hellip;]","og_url":"https:\/\/www.gite-canal-midi.com\/en\/comment-nous-rejoindre\/","og_site_name":"G\u00eete de la Coll\u00e9giale","article_modified_time":"2026-03-03T22:18:57+00:00","og_image":[{"url":"https:\/\/www.gite-canal-midi.com\/wp-content\/uploads\/2025\/02\/voiture-300x300.png","type":"","width":"","height":""}],"twitter_card":"summary_large_image","twitter_misc":{"Estimated reading time":"2 minutes"},"schema":{"@context":"https:\/\/schema.org","@graph":[{"@type":"WebPage","@id":"https:\/\/www.gite-canal-midi.com\/comment-nous-rejoindre\/","url":"https:\/\/www.gite-canal-midi.com\/comment-nous-rejoindre\/","name":"Comment nous rejoindre\u00a0? - G\u00eete de la Coll\u00e9giale","isPartOf":{"@id":"https:\/\/www.gite-canal-midi.com\/#website"},"primaryImageOfPage":{"@id":"https:\/\/www.gite-canal-midi.com\/comment-nous-rejoindre\/#primaryimage"},"image":{"@id":"https:\/\/www.gite-canal-midi.com\/comment-nous-rejoindre\/#primaryimage"},"thumbnailUrl":"https:\/\/www.gite-canal-midi.com\/wp-content\/uploads\/2025\/02\/voiture-300x300.png","datePublished":"2025-02-09T14:39:59+00:00","dateModified":"2026-03-03T22:18:57+00:00","breadcrumb":{"@id":"https:\/\/www.gite-canal-midi.com\/comment-nous-rejoindre\/#breadcrumb"},"inLanguage":"en-GB","potentialAction":[{"@type":"ReadAction","target":["https:\/\/www.gite-canal-midi.com\/comment-nous-rejoindre\/"]}]},{"@type":"ImageObject","inLanguage":"en-GB","@id":"https:\/\/www.gite-canal-midi.com\/comment-nous-rejoindre\/#primaryimage","url":"https:\/\/www.gite-canal-midi.com\/wp-content\/uploads\/2025\/02\/voiture-300x300.png","contentUrl":"https:\/\/www.gite-canal-midi.com\/wp-content\/uploads\/2025\/02\/voiture-300x300.png"},{"@type":"BreadcrumbList","@id":"https:\/\/www.gite-canal-midi.com\/comment-nous-rejoindre\/#breadcrumb","itemListElement":[{"@type":"ListItem","position":1,"name":"Accueil","item":"https:\/\/www.gite-canal-midi.com\/"},{"@type":"ListItem","position":2,"name":"Comment nous rejoindre\u00a0?"}]},{"@type":"WebSite","@id":"https:\/\/www.gite-canal-midi.com\/#website","url":"https:\/\/www.gite-canal-midi.com\/","name":"G\u00eete de la Coll\u00e9giale","description":"Un g\u00eete de charme et d&#039;authenticit\u00e9","publisher":{"@id":"https:\/\/www.gite-canal-midi.com\/#organization"},"potentialAction":[{"@type":"SearchAction","target":{"@type":"EntryPoint","urlTemplate":"https:\/\/www.gite-canal-midi.com\/?s={search_term_string}"},"query-input":{"@type":"PropertyValueSpecification","valueRequired":true,"valueName":"search_term_string"}}],"inLanguage":"en-GB"},{"@type":"Organization","@id":"https:\/\/www.gite-canal-midi.com\/#organization","name":"G\u00eete de la Coll\u00e9giale","url":"https:\/\/www.gite-canal-midi.com\/","logo":{"@type":"ImageObject","inLanguage":"en-GB","@id":"https:\/\/www.gite-canal-midi.com\/#\/schema\/logo\/image\/","url":"https:\/\/i0.wp.com\/www.gite-canal-midi.com\/wp-content\/uploads\/2025\/02\/cropped-Logo-gite-de-la-Collegiale-3.png?fit=1078%2C296&ssl=1","contentUrl":"https:\/\/i0.wp.com\/www.gite-canal-midi.com\/wp-content\/uploads\/2025\/02\/cropped-Logo-gite-de-la-Collegiale-3.png?fit=1078%2C296&ssl=1","width":1078,"height":296,"caption":"G\u00eete de la Coll\u00e9giale"},"image":{"@id":"https:\/\/www.gite-canal-midi.com\/#\/schema\/logo\/image\/"}}]}},"jetpack_sharing_enabled":true,"_links":{"self":[{"href":"https:\/\/www.gite-canal-midi.com\/en\/wp-json\/wp\/v2\/pages\/11","targetHints":{"allow":["GET"]}}],"collection":[{"href":"https:\/\/www.gite-canal-midi.com\/en\/wp-json\/wp\/v2\/pages"}],"about":[{"href":"https:\/\/www.gite-canal-midi.com\/en\/wp-json\/wp\/v2\/types\/page"}],"author":[{"embeddable":true,"href":"https:\/\/www.gite-canal-midi.com\/en\/wp-json\/wp\/v2\/users\/1"}],"replies":[{"embeddable":true,"href":"https:\/\/www.gite-canal-midi.com\/en\/wp-json\/wp\/v2\/comments?post=11"}],"version-history":[{"count":77,"href":"https:\/\/www.gite-canal-midi.com\/en\/wp-json\/wp\/v2\/pages\/11\/revisions"}],"predecessor-version":[{"id":2806,"href":"https:\/\/www.gite-canal-midi.com\/en\/wp-json\/wp\/v2\/pages\/11\/revisions\/2806"}],"wp:attachment":[{"href":"https:\/\/www.gite-canal-midi.com\/en\/wp-json\/wp\/v2\/media?parent=11"}],"curies":[{"name":"wp","href":"https:\/\/api.w.org\/{rel}","templated":true}]}}